{"id":590,"date":"2025-03-21T15:59:21","date_gmt":"2025-03-21T18:59:21","guid":{"rendered":"https:\/\/www.fafich.ufmg.br\/relacoespublicas\/?page_id=590"},"modified":"2026-03-04T11:19:11","modified_gmt":"2026-03-04T14:19:11","slug":"biblioteca-de-tccs-em-rp-ufmg","status":"publish","type":"page","link":"https:\/\/www.fafich.ufmg.br\/relacoespublicas\/?page_id=590","title":{"rendered":"Biblioteca de TCCs em RP (UFMG)"},"content":{"rendered":"\n<p><\/p>\n\n\n\n<figure class=\"wp-block-table\"><table class=\"has-fixed-layout\"><tbody><tr><td>Tipo<\/td><td>Semestre<\/td><td>T\u00edtulo<\/td><td>Autor (discente)<\/td><td>Orientador<\/td><td>Arquivo<\/td><\/tr><tr><td>&nbsp;Monografia<\/td><td>2020\/1<\/td><td>CARNAVAL DE RUA EM BH:&nbsp;Cultura popular e mineiridade no renascimento dos blocos carnavalescos<\/td><td>LAURA D\u00c1VILA COUTO PESSOA<\/td><td>Doutorando Marcos Vinicius Meigre e<br>Silva (PPGCOM\/UFMG)<\/td><td>&nbsp;<a href=\"https:\/\/drive.google.com\/file\/d\/1rV5hiUohTuD6VNnUsyHouH3FLKe1YYCt\/view?usp=sharing\">pdf&nbsp;<\/a><\/td><\/tr><tr><td>&nbsp;Monografia<\/td><td>2020\/1<\/td><td>Arco-\u00edris Sob o C\u00e9u Estrelado:&nbsp;As Identidades LGBTs na Cena Noturna de Belo Horizonte<\/td><td>Matheus Antonio Bento Paix\u00e3o<\/td><td>Doutoranda Tha\u00eds dos Santos Choucair (PPGCOM\/UFMG)<\/td><td>&nbsp;<a href=\"https:\/\/drive.google.com\/file\/d\/1gunuaMw42eL9Mffqh6iKYuS6vNyV6iFr\/view?usp=sharing\">pdf<\/a><\/td><\/tr><tr><td>&nbsp;Monografia<\/td><td>2020\/1<\/td><td>DESAFIOS DA CAMPANHA DE INCENTIVO \u00c0 DOA\u00c7\u00c3O DE \u00d3RG\u00c3OS:&nbsp;Estudo de caso do Hospital Risoleta Neves<\/td><td>FABIANA THALIA PEREIRA DE OLIVEIRA<\/td><td>Profa. Dra. Vanessa Veiga de<br>Oliveira<\/td><td>&nbsp;<a href=\"https:\/\/drive.google.com\/file\/d\/1oPIalFysx_y0ZfLO9jDlt62wGF2774dj\/view?usp=sharing\">pdf&nbsp;&nbsp;<\/a><\/td><\/tr><tr><td>&nbsp;Monografia<\/td><td>2020\/1<\/td><td>Comunica\u00e7\u00e3o e Humaniza\u00e7\u00e3o no ambiente hospitalar: Um estudo de caso do Hospital Dia e Maternidade Unimed BH<\/td><td>Laisa Caroline Moura de Souza<\/td><td>Profa. Dra. Vanessa Veiga de<br>Oliveira<\/td><td>&nbsp;&nbsp;<a href=\"https:\/\/drive.google.com\/file\/d\/1wK2C412ks9wdiZIXtqoI7uoiHQ-1LvDf\/view?usp=sharing\">pdf&nbsp;<\/a><\/td><\/tr><tr><td>&nbsp;Monografia<\/td><td>2020\/1<\/td><td>DE BAR EM BAR:&nbsp;as redes sociais digitais como mediadoras entre clientes e bares em Belo Horizonte<\/td><td>VIVIANE DA SILVA<\/td><td>Profa. Dra.&nbsp;Camila Maciel Campolina<br>Alves Mantovani<\/td><td>&nbsp;&nbsp;<a href=\"https:\/\/drive.google.com\/file\/d\/1fKuI0ljvdwRW41aiCKsyZIBotIemOefd\/view?usp=sharing\">pdf&nbsp;<\/a><\/td><\/tr><tr><td>&nbsp;Monografia<\/td><td>2020\/1<\/td><td>FAKE NEWS E ESFERA P\u00daBLICA: O EFEITO NA IMAGEM DE MANUELA D\u2019\u00c1VILA NAS ELEI\u00c7\u00d5ES PRESIDENCIAIS DE 2018<\/td><td>&nbsp;IZABELA FREITAS FRAN\u00c7A<\/td><td>Doutoranda Maiara Garcia Orlandini (PPGCOM\/UFMG)<\/td><td>&nbsp;&nbsp;<a href=\"https:\/\/drive.google.com\/file\/d\/1i6OwVebxC1yuBlJhmlIrhS3DEl-GyXvO\/view?usp=sharing\">pdf&nbsp;<\/a><\/td><\/tr><tr><td>&nbsp;Monografia<\/td><td>2020\/1<\/td><td>Entre usu\u00e1rio e cidad\u00e3o: an\u00e1lise comunicacional da Ouvidoria da Prefeitura de Belo Horizonte<\/td><td>&nbsp;Nath\u00e1lia Freitas Vargens<\/td><td>Profa. Dra.&nbsp;Vanessa Veiga de Oliveira<\/td><td>&nbsp;&nbsp;<a href=\"https:\/\/drive.google.com\/file\/d\/1MnEt44BYotm6fFGvtEXzPLPFEGGZQ2o8\/view?usp=sharing\">pdf<\/a><\/td><\/tr><tr><td>Projeto Experimental<\/td><td>2020\/1<\/td><td>PRODU\u00c7\u00c3O CULTURAL E MOBILIZA\u00c7\u00c3O SOCIAL: um relato sobre o desenvolvimento do trabalho de Assessoria de Comunica\u00e7\u00e3o para&nbsp;o Projeto H\u00edbrido e a Companhia de Dan\u00e7a Fissura<\/td><td>BRUNA VENTURA MACHADO PECONICK<br>J\u00daNIA RAPHAELLA CARDOSO DE SOUZA<\/td><td>&nbsp;Prof. Dr.&nbsp;M\u00e1rcio Simeone Henriques<\/td><td>&nbsp;&nbsp;<a href=\"https:\/\/drive.google.com\/file\/d\/182UDuIZMr_unO0_5vs949lqoeiLSHrjr\/view?usp=sharing\">pdf<\/a><\/td><\/tr><tr><td>Monografia<\/td><td>2020\/2<\/td><td>MOCINHAS E VIL\u00c3S:os enquadramentos femininos envolvendo trai\u00e7\u00e3o de celebridades<\/td><td>&nbsp;CLARISSA SOUZA COSTA<\/td><td>Doutoranda Chloe Leurquin (PPGCOM\/UFMG)<\/td><td>&nbsp;<a href=\"https:\/\/www.fafich.ufmg.br\/relacoespublicas\/wp-content\/uploads\/2021\/11\/tcc-clarissa-costa.pdf\">pdf<\/a><\/td><\/tr><tr><td>Monografia<\/td><td>2021\/1<\/td><td>SLEEPING GIANTS BRASIL E A VIGIL\u00c2NCIA CIVIL SOBRE<br>ORGANIZA\u00c7\u00d5ES PRIVADAS: EMBATES DISCURSIVOS E DISPUTAS DE CREDIBILIDADE<\/td><td>MARINA COSTA CASTRO<\/td><td>Prof. Dr. Daniel Reis Silva<\/td><td><a href=\"https:\/\/www.fafich.ufmg.br\/relacoespublicas\/wp-content\/uploads\/2021\/11\/TCC-Marina-Castro.pdf\">pdf<\/a><\/td><\/tr><tr><td>Monografia<\/td><td>2021\/1<\/td><td>DE RAINHA DO REBOLADO A RAINHA DOS MEMES:<br>UMA AN\u00c1LISE ACERCA DA CONSTRU\u00c7\u00c3O DE IMAGEM P\u00daBLICA E REPUTA\u00c7\u00c3O DE GRETCHEN<\/td><td>&nbsp;Luan Jordano Dutra de Morais<\/td><td>Orientadora:&nbsp;Dra. Paula Guimar\u00e3es<br>Sim\u00f5es<br>Co-orientadora: Profa. Ma. Dayana Cristina<br>Barboza Carneiro<\/td><td>&nbsp;<a href=\"https:\/\/www.fafich.ufmg.br\/relacoespublicas\/wp-content\/uploads\/2021\/11\/TCC-Luan.pdf\">pdf<\/a><\/td><\/tr><tr><td>Monografia<\/td><td>2021\/1<\/td><td>TEORIAS DE F\u00c3S EM CONTEXTO TRANSM\u00cdDIA:an\u00e1lise dos v\u00eddeos do canal do YouTube Nerd Land sobre a franquia Vingadores<\/td><td>Abigail Cumming Oliveira<br>Marina Hariana Santos Fortini<\/td><td>Orientadora: Doutoranda Emmanuelle Dias (PPGCOM\/UFMG)Co-orientadora: Mestranda Aline Monteiro Homssi (PPGCOM\/UFMG)<\/td><td><a href=\"https:\/\/www.fafich.ufmg.br\/relacoespublicas\/wp-content\/uploads\/2021\/11\/TCC-Abigail-e-Marina-F.pdf\">pdf<\/a><\/td><\/tr><tr><td>Projeto Experimental<\/td><td>2020\/2<\/td><td>CRIA\u00c7\u00c3O DA MARCA EPIFANIA NATURAL:DO DESENVOLVIMENTO DE NEG\u00d3CIO AO PLANO DE COMUNICA\u00c7\u00c3O ESTRAT\u00c9GICA<\/td><td>Carmem Pimenta&nbsp;Sabrina Ribeiro<\/td><td>Profa. Dra.&nbsp;Camila Maciel Campolina<br>Alves Mantovani<\/td><td><a href=\"https:\/\/www.fafich.ufmg.br\/relacoespublicas\/wp-content\/uploads\/2021\/11\/2020.2_-TCC_CarmemeSabrina.pdf\">pdf<\/a><\/td><\/tr><tr><td>Monografia<\/td><td>2021\/1<\/td><td>OS DILEMAS DA COMUNICA\u00c7\u00c3O ORGANIZACIONAL FRENTE \u00c0S INICIATIVAS DE VIGIL\u00c2NCIA CIVIL:Um estudo de caso sobre a demanda por representatividade \u00e9tnica em produtos de maquiagem<\/td><td>Gabriella Ditarcio Silva de Ara\u00fajo<\/td><td>Prof. Dr. Daniel Reis Silva<\/td><td><a href=\"https:\/\/www.fafich.ufmg.br\/relacoespublicas\/wp-content\/uploads\/2021\/11\/TCC-Gabriella.pdf\">pdf<\/a><\/td><\/tr><tr><td>Monografia<\/td><td>2021\/1<\/td><td>A RELEV\u00c2NCIA DA CONSTRU\u00c7\u00c3O DA IMAGEM E DISCURSO<br>CORPORATIVO DE SUSTENTABILIDADE ENQUANTO<br>VANTAGEM COMPETITIVA DE MERCADO<\/td><td>Gabriel Chaves Vasconcelos Santos&nbsp;Isabella Martins \u00c1vila e Paula<\/td><td>Prof. Dr. Daniel Reis Silva&nbsp;Co-orientadora Profa. Dra Vanessa Veiga de Oliveira<\/td><td><a href=\"https:\/\/www.fafich.ufmg.br\/relacoespublicas\/wp-content\/uploads\/2021\/11\/TCC-Bella-e-Brad.pdf\">pdf<\/a><\/td><\/tr><tr><td>Monografia<\/td><td>2021\/1<\/td><td>O APELO SEXUAL COMO ESTRAT\u00c9GIA COMUNICACIONAL<br>VISUAL E A REPUTA\u00c7\u00c3O P\u00daBLICA DE UMA MARCA<\/td><td>\u00c1lvaro Werner<\/td><td>Profa. Dra \u00c2ngela Cristina<br>Salgueiro Marques.<\/td><td><a href=\"https:\/\/www.fafich.ufmg.br\/relacoespublicas\/wp-content\/uploads\/2021\/11\/TCC-Alvaro.pdf\">pdf<\/a><\/td><\/tr><tr><td>Monografia<\/td><td>2021\/2<\/td><td>Estudo de Caso das vereadoras eleitas em 2020 na cidade de Contagem (MG)<\/td><td>Fabius Anchieta Damansceno Alvim<\/td><td>Profa Dra Vanessa Veiga de Oliveira<\/td><td><a href=\"https:\/\/drive.google.com\/file\/d\/16LfMI5pkPPx9QnrrpLOFIBG0UtTntw36\/view?usp=drive_link\">&nbsp;pdf<\/a><\/td><\/tr><tr><td>Projeto Experimental<\/td><td>2021\/2<\/td><td>100 Mulheres na M\u00fasica: curadoria, entrevistas e conte\u00fado para m\u00eddias digitais<\/td><td>Luiza Lisboa<br>Nataly Santos Moura<\/td><td>Profa Graziela Vianna<\/td><td><a href=\"https:\/\/drive.google.com\/file\/d\/1B1DZYZC0HVsDGEwsCgk7XuaQ8Ajb83Lw\/view?usp=drive_link\">pdf<\/a><\/td><\/tr><tr><td>Monografia<\/td><td>2021\/2<\/td><td>Comunica\u00e7\u00e3o e diversidade: Uma reflex\u00e3o sobre pol\u00edticas e pr\u00e1ticas de inclus\u00e3o do p\u00fablico LGBTQIA+ nas startups<\/td><td>Patr\u00edcia Pedras dos Santos<\/td><td>Profa Camila Mantovani<\/td><td><a href=\"https:\/\/drive.google.com\/file\/d\/1wvZo6B0Z_9wEA_wloAeYrcs9w5jcznVc\/view?usp=drive_link\">pdf<\/a><\/td><\/tr><tr><td>Monografia<\/td><td>2022\/1<\/td><td>O PAPEL DO SOCIAL LISTENING EM UMA<br>ESTRAT\u00c9GIA DE BRANDING<\/td><td>Marcela de Souza Vianna<\/td><td>Prof. Daniel Reis<\/td><td><a href=\"https:\/\/drive.google.com\/file\/d\/1yeiDVyoUfJwtd382ynuhYSGO8ce2GzDk\/view?usp=drive_link\">pdf<\/a><\/td><\/tr><tr><td>Monografia<\/td><td>2022\/1<\/td><td>(DES)ALINHAMENTO DISCURSIVO SOBRE DIVERSIDADE E INCLUS\u00c3O: repercuss\u00e3o e impacto sobre a imagem de marcas de moda<\/td><td>FERNANDA CARDOSO BOMFIM SILVA<br>MELINA RAQUEL VALENTIM SOUZA<\/td><td>&nbsp;Prof. Daniel Melo<\/td><td><a href=\"https:\/\/drive.google.com\/file\/d\/1KdgZmBIGz7zhkZAhKPwuIQJlbny5N2sg\/view?usp=drive_link\">pdf<\/a>&nbsp;<\/td><\/tr><tr><td>Monografia<\/td><td>2022\/1<\/td><td>GERENCIAMENTO DE CRISE COMO FATOR DE CONSOLIDA\u00c7\u00c3O DE<br>CARREIRA: ESTUDO DE CASO DA INFLUENCER BIANCA ANDRADE E SUAS MARCAS<\/td><td>&nbsp;Luiza de Melo Andre<\/td><td>Profa Vanessa Veiga<\/td><td>&nbsp;<a href=\"https:\/\/drive.google.com\/file\/d\/1-HvFIwGDGeVxmcc72lBI3bo4dQgKFngc\/view?usp=drive_link\">pdf<\/a><\/td><\/tr><tr><td>Projeto Experimental<\/td><td>2022\/1<\/td><td>BRAND AWARENESS<br>Estudo da campanha da Group Software<\/td><td>Pedro Lucio Paiva<\/td><td>&nbsp;Profa. Camila Mantovani<\/td><td><a href=\"https:\/\/drive.google.com\/file\/d\/1eups8h0D6vD-j-leLDk-smKX0S3QDT6K\/view?usp=drive_link\">pdf<\/a><\/td><\/tr><tr><td>Monografia<\/td><td>2022\/1<\/td><td>A VIDA DOS P\u00daBLICOS NA ERA DAABUND\u00c2NCIA<br>COMUNICATIVA: o sofrer e o agir expandidos<\/td><td>TANITH ELLEN MACHADO CAMPOS<\/td><td>&nbsp;Profa. Daniel Reis<\/td><td><a href=\"https:\/\/drive.google.com\/file\/d\/1TZYFgHPVeoZoFZ72Zrx1Uo5rOuv5OKm3\/view?usp=drive_link\">pdf<\/a><\/td><\/tr><tr><td>Monografia<\/td><td>2022\/1<\/td><td>Pelas Borboletas: A pluralidade das vozes femininas<\/td><td>JENIFER LAURA DAVID<\/td><td>Profa. Roberta Veiga<\/td><td><a href=\"https:\/\/drive.google.com\/file\/d\/10aUmZkD9KankTyJb_epxYrgQKAYSsLCy\/view?usp=drive_link\">pdf<\/a><\/td><\/tr><tr><td>&nbsp;Monografia<\/td><td>2022\/1<\/td><td>SE O MUNDO FOSSE NOSSO OUTRA VEZ: um estudo de caso de ativa\u00e7\u00f5es de marcas relacionadas a causas sociais no Rock In Rio 2019<\/td><td>&nbsp;Isabela Trindade Pozzolini<\/td><td>Prof. M\u00e1rcio Simeone<\/td><td>&nbsp;&nbsp;<a href=\"https:\/\/drive.google.com\/file\/d\/1uH27A3mYS_og9fqy-14Bc9QMaKCmWY5m\/view?usp=drive_link\">pdf<\/a><\/td><\/tr><tr><td>Projeto Experimental<\/td><td>2022\/1<\/td><td>O FEMININO NA ESTRADA: planejamento e execu\u00e7\u00e3o da p\u00e1gina @mochi.leiras na rede social instagram como portf\u00f3lio online da hist\u00f3ria de mulheres que viajam o mundo sozinhas<\/td><td>LAURA RIBEIRO MELO<\/td><td>Profa. \u00c2ngela Marques<\/td><td><a href=\"https:\/\/drive.google.com\/file\/d\/1YdOQUtDdIxkes2tADdfoPaPz5yYsXPOi\/view?usp=drive_link\">pdf<\/a><\/td><\/tr><tr><td>Projeto Experimental<\/td><td>2022\/1<\/td><td>Hist\u00f3rias Empoeiradas: as narrativas sob o manto da morte<\/td><td>Arthur RabeloElisa Rabelo<\/td><td>Prof. Phellipy Jacome<\/td><td><a href=\"https:\/\/drive.google.com\/file\/d\/1e9Kobn4KMRglYnjgjC1FXEYs7GH2GNQY\/view?usp=drive_link\">pdf<\/a><\/td><\/tr><tr><td>Projeto Experimental<\/td><td>2022\/1<\/td><td>Plano de Comunica\u00e7\u00e3o: Orna Casa e Moda<\/td><td>JESSICA CHRISTINA PEREIRA BORGES<br>MILLENA OHANA SANTOS DA SILVA<br>NAT\u00c1LIA MARTINEZ ANDRADE<\/td><td>Prof. Marcio Simeone<\/td><td><a href=\"https:\/\/drive.google.com\/file\/d\/1_UPGF8LKj7m-KaFcV279GMsOrAUcaTZ2\/view?usp=drive_link\">pdf<\/a><\/td><\/tr><tr><td>Monografia<\/td><td>2022\/2<\/td><td>Campanhas para quem? Uma an\u00e1lise do conte\u00fado das campanhas de vacina\u00e7\u00e3o da Covid-19 num contexto nacional de desinforma\u00e7\u00e3o e avan\u00e7o do movimento antivacina<\/td><td>Vict\u00f3ria Freitas Rabelo<\/td><td>Profa. Vanessa VeigaMs Nivaldo Cesar<\/td><td><a href=\"https:\/\/drive.google.com\/file\/d\/1T_WVax22hiYk3OZotAAFwE7Uwl0t8jkh\/view?usp=drive_link\">pdf<\/a><\/td><\/tr><tr><td>Projeto Experimental<\/td><td>2022\/2<\/td><td>PLANEJAMENTO PARA CONVERS\u00c3O DE PESSOA EM MARCA-PESSOA NO INSTAGRAM E APLICA\u00c7\u00c3O EM PERFIL TESTE<\/td><td>Amanda Costa da Silva<br>Kelly Silva Luiz<\/td><td>Profa Camila Mantovani<\/td><td><a href=\"https:\/\/drive.google.com\/file\/d\/1xK4bS6FihfL_8Wdjkq_ebq2tIsUT_pX_\/view?usp=drive_link\">pdf&nbsp;<\/a><\/td><\/tr><tr><td>&nbsp;Projeto Experimental<\/td><td>2022\/2<\/td><td>DESENHO DE EXPERI\u00caNCIAS EM EVENTOS ACAD\u00caMICOS DE COMUNICA\u00c7\u00c3O NA MODALIDADE VIRTUAL<\/td><td>Vin\u00edcius Leonardo de Oliveira<\/td><td>Profa. F\u00e1bia Lima<\/td><td><a href=\"https:\/\/drive.google.com\/file\/d\/1MC8gzDWw0btUvG4d-4L5gT325mloUVBS\/view?usp=drive_link\">pdf<\/a><\/td><\/tr><tr><td>Monografia<\/td><td>2022\/2<\/td><td>O PAPEL DA COMUNICA\u00c7\u00c3O NA CONSOLIDA\u00c7\u00c3O DE MARCAS DE LUXO: UMA AN\u00c1LISE SOBRE A LOUIS VUITTON<\/td><td>Ta\u00eds Guimar\u00e3es Santiago Mendes<\/td><td>&nbsp;Profa. \u00c2ngela Marques<\/td><td>&nbsp;<a href=\"https:\/\/drive.google.com\/file\/d\/1Q72vIqF5SOfVqBH7qt97-JcaMES1s9KU\/view?usp=drive_link\">pdf<\/a><\/td><\/tr><tr><td>Projeto Experimental<\/td><td>2022\/2<\/td><td>VERITAS: Cria\u00e7\u00e3o de B\u00edblia e Piloto de S\u00e9rie de TV sobre Rela\u00e7\u00f5es P\u00fablicas<\/td><td>FABRICIO DE ANDRADE ALVES<\/td><td>Profa. Simone RochaMs Mariana de Almeida<\/td><td><a href=\"https:\/\/drive.google.com\/file\/d\/1DhaiQJquPPUnmLZelKhb0ZUM_WszqwnS\/view?usp=drive_link\">pdf<\/a><\/td><\/tr><tr><td>Projeto Experimental<\/td><td>2022\/2<\/td><td>a simetria: desenvolvimento e aplica\u00e7\u00e3o de macrometodologia para o branding de marcas UaU<\/td><td>FERNANDO J\u00daNIO DE JESUS SILVA<br>LU\u00cdS FELIPE SILVA AMARAL<\/td><td>Ms.&nbsp;Ettore Stefani de Medeiros<\/td><td><a href=\"https:\/\/drive.google.com\/file\/d\/1Av6mB96sFkc089R1mKLfMUf3b5dtU_zT\/view?usp=drive_link\">pdf<\/a><\/td><\/tr><tr><td>Projeto Experimental<\/td><td>2023\/1<\/td><td>\u201cVAMOS FAZER \u2018ARTE\u2019\u201d: um di\u00e1logo entre os profissionais da arte, cultura e \u00e1reas afins como entendimento expandido de uma constru\u00e7\u00e3o simb\u00f3lica e est\u00e9tica<\/td><td>ANSELMO AUGUSTO PRADO BANDEIRA<\/td><td>Profa. Graziela Vianna<\/td><td><a href=\"https:\/\/drive.google.com\/file\/d\/1zD5ZiyxvAudhus8rPRfZSOk2y0q3J-74\/view?usp=drive_link\">pdf<\/a><\/td><\/tr><tr><td>&nbsp;Projeto Experimental<\/td><td>2023\/1<\/td><td>A rua em hipertexto: uma cartografia sonora e imag\u00e9tica do hipercentro de Belo Horizonte<\/td><td>Laura Souza de Lucas<\/td><td>&nbsp;Profa. Graziela Vianna<\/td><td>&nbsp;<a href=\"https:\/\/drive.google.com\/file\/d\/1U0Cu8KhALszEKJx1MwhVY5JZm6v4-eSQ\/view?usp=drive_link\">pdf<\/a><\/td><\/tr><tr><td>Projeto Experimental<\/td><td>2023\/1<\/td><td>LUGARES POSS\u00cdVEIS: Cultivando a mem\u00f3ria dos cursos de Comunica\u00e7\u00e3o Social da UFMG durante a pandemia<\/td><td>Rani Costa FernandesSarah Evelyn Tiso Tana<\/td><td>&nbsp;Profa F\u00e1bia Lima<\/td><td><a href=\"https:\/\/drive.google.com\/file\/d\/1zf3gHEpZGsOLrAQygQ1eIsnCW4LEazFt\/view?usp=drive_link\">pdf<\/a><\/td><\/tr><tr><td>&nbsp;Monografia<\/td><td>2023\/1<\/td><td>O papel das redes sociais como espa\u00e7o de mobiliza\u00e7\u00e3o e conversa\u00e7\u00e3o pol\u00edtica em contextos p\u00f3s-autorit\u00e1rios<\/td><td>HENRI JOEL OLATOUNDJI OUSSOU<\/td><td>Profa. Angela Marques<\/td><td><a href=\"https:\/\/drive.google.com\/file\/d\/1l_lqZEa2kogMbYzhNkXMdjaN8rvHB8pV\/view?usp=drive_link\">pdf<\/a>&nbsp;<\/td><\/tr><tr><td>&nbsp;Monografia<\/td><td>2023\/1<\/td><td>ANITTA E SKOL BEATS: UM AVAN\u00c7O DA PRESEN\u00c7A FEMININA NAS PROPAGANDAS OU MAIS DO MESMO?<\/td><td>J\u00daLIA DE MELLO GUARNIERI<\/td><td>&nbsp;Profa. Vanessa Veiga de Oliveira<\/td><td><a href=\"https:\/\/drive.google.com\/file\/d\/1soF6SfSXfbY1_ti3IwbA3Aj_T4otHqY9\/view?usp=drive_link\">pdf<\/a><\/td><\/tr><tr><td>Monografia<\/td><td>2023\/1<\/td><td>QUANDO ATLETAS FAZEM MAIS QUE JOGAR: uma an\u00e1lise da recep\u00e7\u00e3o p\u00fablica do ativismo de atletas do v\u00f4lei nas redes sociais<\/td><td>J\u00falia Gabriela Silva Teixeira<\/td><td>Profa Ana Carolina VimieiroMs Olivia Pilar<\/td><td><a href=\"https:\/\/drive.google.com\/file\/d\/14cO0Rmd5GPeiN5LXeXdhlxvFLCVKizsD\/view?usp=drive_link\">pdf<\/a><\/td><\/tr><tr><td>Projeto Experimental<\/td><td>2023\/1<\/td><td>DO OUTRO LADO DO RIO<\/td><td>Lucas Tiago Silva PereiraMaria Luiza Silva Sena<\/td><td>Profa. Claudia Mesquita<\/td><td><a href=\"https:\/\/drive.google.com\/file\/d\/1LBuncGikDY4QroOSc4sD1BRhanDnTUXA\/view?usp=drive_link\">pdf<\/a><\/td><\/tr><tr><td>Projeto Experimental<\/td><td>2023\/1<\/td><td>O EVENTO COMO ESTRAT\u00c9GIA DE MOBILIZA\u00c7\u00c3O: UM ESTUDO DE CASO SOBRE O DEIXEM O ON\u00c7A BEBER \u00c1GUA LIMPA<\/td><td>Luiza Mello Avelar<br>Pedro Henrique Mamede Barbosa<\/td><td>Prof. M\u00e1rcio Simeone<\/td><td><a href=\"https:\/\/drive.google.com\/file\/d\/1xMt3coEsDisc8dzbjjBBJjfRUKx7kikA\/view?usp=drive_link\">pdf<\/a><\/td><\/tr><tr><td>Monografia<\/td><td>2023\/1<\/td><td>FOTOGRAFIAS DE CONFLITO, IMPERIALISMO E DESTRUI\u00c7\u00c3O:<br>Uma an\u00e1lise cr\u00edtica sobre os limites \u00e9ticos do registro fotogr\u00e1fico de cat\u00e1strofes e seu fator simb\u00f3lico na sociedade<\/td><td>Marianna Rungue Oliveira<\/td><td>Profa. Angela MarquesMs. Marcela Lins<\/td><td><a href=\"https:\/\/drive.google.com\/file\/d\/1Pk4coJvcY4foTIdlQ0Qj5mscYwZkkjfj\/view?usp=drive_link\">pdf<\/a><\/td><\/tr><tr><td>&nbsp;Monografia<\/td><td>2023\/1<\/td><td>ALFINETEI, CHOQUEI, FOFOQUEI: INVESTIGANDO A OPERA\u00c7\u00c3O DE PERFIS DE FOFOCA BRASILEIROS NO INSTAGRAM<\/td><td>ANA FL\u00c1VIA DE CASTRO NOGUEIRA<\/td><td>Prof. Daniel Reis<\/td><td><a href=\"https:\/\/drive.google.com\/file\/d\/10HiEuaSNfWFnaPuL8P5yKJkTyTdyoRi4\/view?usp=drive_link\">pdf<\/a><\/td><\/tr><tr><td>&nbsp;Monografia<\/td><td>2023\/1<\/td><td>As a\u00e7\u00f5es de Comunica\u00e7\u00e3o das Organiza\u00e7\u00f5es da Guin\u00e9-Bissau que combatem a viol\u00eancia contra a mulher<\/td><td>BIDAM SULE SUMBA<\/td><td>Prof. Elton Antunes<\/td><td><a href=\"https:\/\/drive.google.com\/file\/d\/1zIzvOXei5Ud_INIzgmGkyt_B6M0VDrGf\/view?usp=drive_link\">pdf<\/a><\/td><\/tr><tr><td>&nbsp;Monografia<\/td><td>2023\/1<\/td><td>A constru\u00e7\u00e3o narrativa da imagem pol\u00edtica: uma an\u00e1lise da experi\u00eancia de Michelle Obama e sua trajet\u00f3ria p\u00fablicahttps:\/\/drive.google.com\/file\/d\/1XTkRJh-z7Sg-0k-wt0NAmcFmXfTB7Hll\/view?usp=drive_link<\/td><td>JOSECLEISE D\u2019ALVA TEIXEIRA BANDEIRA<\/td><td>Profa. Angela Marques<\/td><td><a href=\"https:\/\/drive.google.com\/file\/d\/1beJ2NOemdI6EIEljtBfWr6YqMVFWc12d\/view?usp=drive_link\">pdf&nbsp;<\/a><\/td><\/tr><tr><td>Monografia<\/td><td>2023\/2<\/td><td>DA SEGUNDA M\u00c3O AO GREENWASHING:<br>Sustentabilidade e Desafios na Ind\u00fastria da Moda<\/td><td>J\u00falia de Magalh\u00e3es Loiola Rezende<\/td><td>Prof. M\u00e1rcio Simeone<\/td><td><\/td><\/tr><tr><td>Monografia<\/td><td>2023\/2<\/td><td>CULTURA POP COMO FERRAMENTA DE SOFT POWER: Coreia Do Sul, Jap\u00e3o e China Como Anfitri\u00f5es Ol\u00edmpicos<\/td><td>Michelle Maria da Silva<\/td><td>Prof. Daniel Reis<\/td><td><a href=\"https:\/\/drive.google.com\/file\/d\/1wDAjHRd5wCnnzv_D3Zr1aOHclfRnnUpW\/view?usp=drive_link\">pdf<\/a><\/td><\/tr><tr><td>Monografia<\/td><td>2023\/2<\/td><td>DEPP VERSUS HEARD: IMAGEM E REPUTA\u00c7\u00c3O DE CELEBRIDADES EM CONTEXTOS DE VIOL\u00caNCIA DE G\u00caNERO<\/td><td>EDUARDO MARTINS CARDOSO<br>LARA BAIMA VALENTINO<\/td><td>Profa Vanessa Veiga<\/td><td><a href=\"https:\/\/drive.google.com\/file\/d\/1XTkRJh-z7Sg-0k-wt0NAmcFmXfTB7Hll\/view?usp=drive_link\">pdf<\/a><\/td><\/tr><\/tbody><\/table><\/figure>\n","protected":false},"excerpt":{"rendered":"<p>Tipo Semestre T\u00edtulo Autor (discente) Orientador Arquivo &nbsp;Monografia 2020\/1 CARNAVAL DE RUA EM BH:&nbsp;Cultura popular e mineiridade no renascimento dos blocos carnavalescos LAURA D\u00c1VILA COUTO PESSOA Doutorando Marcos Vinicius Meigre eSilva (PPGCOM\/UFMG) &nbsp;pdf&nbsp; &nbsp;Monografia 2020\/1 Arco-\u00edris Sob o C\u00e9u Estrelado:&nbsp;As Identidades LGBTs na Cena Noturna de Belo Horizonte Matheus Antonio Bento Paix\u00e3o Doutoranda Tha\u00eds dos [&hellip;]<\/p>\n","protected":false},"author":2,"featured_media":0,"parent":0,"menu_order":0,"comment_status":"closed","ping_status":"closed","template":"","meta":{"_acf_changed":false,"footnotes":""},"class_list":["post-590","page","type-page","status-publish","hentry"],"acf":[],"_links":{"self":[{"href":"https:\/\/www.fafich.ufmg.br\/relacoespublicas\/index.php?rest_route=\/wp\/v2\/pages\/590"}],"collection":[{"href":"https:\/\/www.fafich.ufmg.br\/relacoespublicas\/index.php?rest_route=\/wp\/v2\/pages"}],"about":[{"href":"https:\/\/www.fafich.ufmg.br\/relacoespublicas\/index.php?rest_route=\/wp\/v2\/types\/page"}],"author":[{"embeddable":true,"href":"https:\/\/www.fafich.ufmg.br\/relacoespublicas\/index.php?rest_route=\/wp\/v2\/users\/2"}],"replies":[{"embeddable":true,"href":"https:\/\/www.fafich.ufmg.br\/relacoespublicas\/index.php?rest_route=%2Fwp%2Fv2%2Fcomments&post=590"}],"version-history":[{"count":3,"href":"https:\/\/www.fafich.ufmg.br\/relacoespublicas\/index.php?rest_route=\/wp\/v2\/pages\/590\/revisions"}],"predecessor-version":[{"id":1046,"href":"https:\/\/www.fafich.ufmg.br\/relacoespublicas\/index.php?rest_route=\/wp\/v2\/pages\/590\/revisions\/1046"}],"wp:attachment":[{"href":"https:\/\/www.fafich.ufmg.br\/relacoespublicas\/index.php?rest_route=%2Fwp%2Fv2%2Fmedia&parent=590"}],"curies":[{"name":"wp","href":"https:\/\/api.w.org\/{rel}","templated":true}]}}