{"id":593,"date":"2025-03-21T15:59:21","date_gmt":"2025-03-21T18:59:21","guid":{"rendered":"https:\/\/www.fafich.ufmg.br\/relacoespublicas\/?page_id=593"},"modified":"2026-03-04T11:23:49","modified_gmt":"2026-03-04T14:23:49","slug":"fca-em-relacoes-publicas","status":"publish","type":"page","link":"https:\/\/www.fafich.ufmg.br\/relacoespublicas\/?page_id=593","title":{"rendered":"FCA em Rela\u00e7\u00f5es P\u00fablicas"},"content":{"rendered":"\n<p><\/p>\n\n\n\n<p>Alunos de outros cursos de Gradua\u00e7\u00e3o da UFMG interessados em cursar a Forma\u00e7\u00e3o Complementar Aberta (FCA) em Rela\u00e7\u00f5es P\u00fablicas deve realizar TODOS os seguintes passos:<\/p>\n\n\n\n<p>1) Consultar a coordena\u00e7\u00e3o do curso de origem para saber quantas horas precisar cursar para obter o certificado de FCA em Rela\u00e7\u00f5es P\u00fablicas e planejar a escolha das disciplinas do curso de RP dispon\u00edveis para FCA;&nbsp;<\/p>\n\n\n\n<p>2) Solicitar no colegiado do curso de origem a mudan\u00e7a de percurso para percurso com FCA, no per\u00edodo estipulado semestralmente pelo calend\u00e1rio acad\u00eamico da UFMG;<\/p>\n\n\n\n<p>3)&nbsp;Incluir no Plano de Estudos do SIGA as disciplinas do curso de Rela\u00e7\u00f5es P\u00fablicas listadas abaixo pass\u00edveis de interesse do discente a serem cursadas como FCA:<\/p>\n\n\n\n<p><strong>DISCIPLINAS DISPON\u00cdVEIS PARA FORMA\u00c7\u00c3O COMPLEMENTAR ABERTA (FCA) EM RELA\u00c7\u00d5ES P\u00daBLICAS<\/strong><\/p>\n\n\n\n<p>COM336 \u2013 Laborat\u00f3rio de Assessoria em Comunica\u00e7\u00e3o (90h \/ 6 cr\u00e9ditos)<\/p>\n\n\n\n<p>COM340 \u2013 Assessoria de Imprensa (60h \/ 4 cr\u00e9ditos)<\/p>\n\n\n\n<p>COM327 \u2013 T\u00e9cnicas de Comunica\u00e7\u00e3o Dirigida (60h\/ 4 cr\u00e9ditos)<\/p>\n\n\n\n<p>COM086 \u2013 Teorias da Opini\u00e3o P\u00fablica (60h\/ 4 cr\u00e9ditos)<\/p>\n\n\n\n<p>COM687 \u2013 Aula Especial em Rela\u00e7\u00f5es P\u00fablicas (30h \/ 2 cr\u00e9ditos)<\/p>\n\n\n\n<p>COM681 \u2013 T\u00f3picos em Laborat\u00f3rio de Rela\u00e7\u00f5es P\u00fablicas (90h \/ 6 cr\u00e9ditos)<\/p>\n\n\n\n<p>COM681 \u2013 T\u00f3picos em Laborat\u00f3rio de Rela\u00e7\u00f5es P\u00fablicas: Gerenciamento de Crise (90h \/ 6 cr\u00e9ditos)<\/p>\n\n\n\n<p>COM088 \u2013 T\u00f3picos em Comunica\u00e7\u00e3o Social (60h \/ 4 cr\u00e9ditos)<\/p>\n\n\n\n<p><strong>obs.1:<\/strong>&nbsp;As disciplinas obrigat\u00f3rias do curso de Rela\u00e7\u00f5es P\u00fablicas n\u00e3o abrem vagas para FCA devido \u00e0 lota\u00e7\u00e3o das turmas<\/p>\n\n\n\n<p><strong>obs.2<\/strong>: A oferta das disciplinas listadas acima \u00e9 anual e vari\u00e1vel. Verifique a oferta delas no SiGA<\/p>\n","protected":false},"excerpt":{"rendered":"<p>Alunos de outros cursos de Gradua\u00e7\u00e3o da UFMG interessados em cursar a Forma\u00e7\u00e3o Complementar Aberta (FCA) em Rela\u00e7\u00f5es P\u00fablicas deve realizar TODOS os seguintes passos: 1) Consultar a coordena\u00e7\u00e3o do curso de origem para saber quantas horas precisar cursar para obter o certificado de FCA em Rela\u00e7\u00f5es P\u00fablicas e planejar a escolha das disciplinas do [&hellip;]<\/p>\n","protected":false},"author":2,"featured_media":0,"parent":0,"menu_order":0,"comment_status":"closed","ping_status":"closed","template":"","meta":{"_acf_changed":false,"footnotes":""},"class_list":["post-593","page","type-page","status-publish","hentry"],"acf":[],"_links":{"self":[{"href":"https:\/\/www.fafich.ufmg.br\/relacoespublicas\/index.php?rest_route=\/wp\/v2\/pages\/593"}],"collection":[{"href":"https:\/\/www.fafich.ufmg.br\/relacoespublicas\/index.php?rest_route=\/wp\/v2\/pages"}],"about":[{"href":"https:\/\/www.fafich.ufmg.br\/relacoespublicas\/index.php?rest_route=\/wp\/v2\/types\/page"}],"author":[{"embeddable":true,"href":"https:\/\/www.fafich.ufmg.br\/relacoespublicas\/index.php?rest_route=\/wp\/v2\/users\/2"}],"replies":[{"embeddable":true,"href":"https:\/\/www.fafich.ufmg.br\/relacoespublicas\/index.php?rest_route=%2Fwp%2Fv2%2Fcomments&post=593"}],"version-history":[{"count":3,"href":"https:\/\/www.fafich.ufmg.br\/relacoespublicas\/index.php?rest_route=\/wp\/v2\/pages\/593\/revisions"}],"predecessor-version":[{"id":1058,"href":"https:\/\/www.fafich.ufmg.br\/relacoespublicas\/index.php?rest_route=\/wp\/v2\/pages\/593\/revisions\/1058"}],"wp:attachment":[{"href":"https:\/\/www.fafich.ufmg.br\/relacoespublicas\/index.php?rest_route=%2Fwp%2Fv2%2Fmedia&parent=593"}],"curies":[{"name":"wp","href":"https:\/\/api.w.org\/{rel}","templated":true}]}}