{"id":597,"date":"2025-03-21T15:59:21","date_gmt":"2025-03-21T18:59:21","guid":{"rendered":"https:\/\/www.fafich.ufmg.br\/relacoespublicas\/?page_id=597"},"modified":"2026-03-04T11:23:57","modified_gmt":"2026-03-04T14:23:57","slug":"formularios","status":"publish","type":"page","link":"https:\/\/www.fafich.ufmg.br\/relacoespublicas\/?page_id=597","title":{"rendered":"Formul\u00e1rios"},"content":{"rendered":"\n<p><\/p>\n\n\n\n<p><strong>FORMUL\u00c1RIOS DO CURSO DE RP (devem ser submetidos pelo Moodle do Colegiado de RP):<\/strong><\/p>\n\n\n\n<p><a href=\"https:\/\/www.fafich.ufmg.br\/relacoespublicas\/wp-content\/uploads\/2022\/06\/Novo-Requerimento-Atividades-Complementares-G5-1.pdf\">Solicita\u00e7\u00e3o de Aproveitamento de Atividades Extracurricular (Atividades Complementares \u2013 G5)<\/a><\/p>\n\n\n\n<p><a href=\"https:\/\/www.fafich.ufmg.br\/relacoespublicas\/wp-content\/uploads\/2020\/08\/Aproveitamento-de-estudos-1-1.pdf\">Solicita\u00e7\u00e3o de Aproveitamento de Estudos<\/a>&nbsp;(disciplinas cursadas antes do ingresso em RP)<\/p>\n\n\n\n<p><a href=\"https:\/\/www.fafich.ufmg.br\/relacoespublicas\/wp-content\/uploads\/2024\/07\/Formulario-para-Formacao-complementar.pdf\">Solicita\u00e7\u00e3o de Forma\u00e7\u00e3o Complementar Aberta (FCA)<\/a><\/p>\n\n\n\n<p><a href=\"https:\/\/www.fafich.ufmg.br\/relacoespublicas\/wp-content\/uploads\/2022\/05\/Aceite-Projeto-Experimental-RP.pdf\">Solicita\u00e7\u00e3o de Aceite de Orienta\u00e7\u00e3o de TCC<\/a><\/p>\n\n\n\n<p><a href=\"https:\/\/www.fafich.ufmg.br\/relacoespublicas\/wp-content\/uploads\/2022\/05\/SEI-Formula%CC%81rio-de-Registro-de-Defesa-RP.pdf\">Solicita\u00e7\u00e3o de Marca\u00e7\u00e3o de Banca de Defesa de TCC<\/a><\/p>\n\n\n\n<p><a href=\"https:\/\/www.fafich.ufmg.br\/relacoespublicas\/wp-content\/uploads\/2019\/12\/Requerimento_Colacao-GRAU.pdf\">Solicita\u00e7\u00e3o de Inscri\u00e7\u00e3o \u00e0 Cola\u00e7\u00e3o de Grau<\/a><\/p>\n\n\n\n<p><strong>OUTROS FORMUL\u00c1RIOS PADRONIZADOS PELA UFMG:<\/strong><\/p>\n\n\n\n<p><a href=\"https:\/\/www.fafich.ufmg.br\/relacoespublicas\/wp-content\/uploads\/2019\/12\/Requerimento_RegimeESPECIAL.pdf\">REQUERIMENTO DE REGIME ESPECIAL<\/a><\/p>\n\n\n\n<p><a href=\"https:\/\/www.fafich.ufmg.br\/relacoespublicas\/wp-content\/uploads\/2019\/12\/Requerimento_Avaliac%CC%A7a%CC%83o-ME%CC%81DICA.pdf\">REQUERIMENTO DE AVALIA\u00c7\u00c3O M\u00c9DICA<\/a><\/p>\n\n\n\n<p><a href=\"https:\/\/www.fafich.ufmg.br\/relacoespublicas\/wp-content\/uploads\/2019\/12\/Requerimento_Utilizac%CC%A7a%CC%83o-NOME_SOCIAL.pdf\">REQUERIMENTO PARA INCLUS\u00c3O DE NOME SOCIAL<\/a><\/p>\n\n\n\n<p><a href=\"https:\/\/www.fafich.ufmg.br\/relacoespublicas\/wp-content\/uploads\/2019\/12\/Roteiro_Continuidade-de-estudos_estudante.pdf\">PROCEDIMENTOS RELATIVOS A PEDIDOS DE CONTINUIDADE DE ESTUDOS<\/a><\/p>\n","protected":false},"excerpt":{"rendered":"<p>FORMUL\u00c1RIOS DO CURSO DE RP (devem ser submetidos pelo Moodle do Colegiado de RP): Solicita\u00e7\u00e3o de Aproveitamento de Atividades Extracurricular (Atividades Complementares \u2013 G5) Solicita\u00e7\u00e3o de Aproveitamento de Estudos&nbsp;(disciplinas cursadas antes do ingresso em RP) Solicita\u00e7\u00e3o de Forma\u00e7\u00e3o Complementar Aberta (FCA) Solicita\u00e7\u00e3o de Aceite de Orienta\u00e7\u00e3o de TCC Solicita\u00e7\u00e3o de Marca\u00e7\u00e3o de Banca de Defesa [&hellip;]<\/p>\n","protected":false},"author":2,"featured_media":0,"parent":0,"menu_order":0,"comment_status":"closed","ping_status":"closed","template":"","meta":{"_acf_changed":false,"footnotes":""},"class_list":["post-597","page","type-page","status-publish","hentry"],"acf":[],"_links":{"self":[{"href":"https:\/\/www.fafich.ufmg.br\/relacoespublicas\/index.php?rest_route=\/wp\/v2\/pages\/597"}],"collection":[{"href":"https:\/\/www.fafich.ufmg.br\/relacoespublicas\/index.php?rest_route=\/wp\/v2\/pages"}],"about":[{"href":"https:\/\/www.fafich.ufmg.br\/relacoespublicas\/index.php?rest_route=\/wp\/v2\/types\/page"}],"author":[{"embeddable":true,"href":"https:\/\/www.fafich.ufmg.br\/relacoespublicas\/index.php?rest_route=\/wp\/v2\/users\/2"}],"replies":[{"embeddable":true,"href":"https:\/\/www.fafich.ufmg.br\/relacoespublicas\/index.php?rest_route=%2Fwp%2Fv2%2Fcomments&post=597"}],"version-history":[{"count":4,"href":"https:\/\/www.fafich.ufmg.br\/relacoespublicas\/index.php?rest_route=\/wp\/v2\/pages\/597\/revisions"}],"predecessor-version":[{"id":1060,"href":"https:\/\/www.fafich.ufmg.br\/relacoespublicas\/index.php?rest_route=\/wp\/v2\/pages\/597\/revisions\/1060"}],"wp:attachment":[{"href":"https:\/\/www.fafich.ufmg.br\/relacoespublicas\/index.php?rest_route=%2Fwp%2Fv2%2Fmedia&parent=597"}],"curies":[{"name":"wp","href":"https:\/\/api.w.org\/{rel}","templated":true}]}}