{"id":30,"date":"2017-04-11T11:37:22","date_gmt":"2017-04-11T14:37:22","guid":{"rendered":"http:\/\/www.fafich.ufmg.br\/socioambientais\/?page_id=30"},"modified":"2024-03-06T18:35:19","modified_gmt":"2024-03-06T21:35:19","slug":"sobre","status":"publish","type":"page","link":"https:\/\/www.fafich.ufmg.br\/socioambientais\/","title":{"rendered":"Sobre o curso"},"content":{"rendered":"\n<p class=\"has-text-align-center has-large-font-size\"><strong><span style=\"color:#077d0f\" class=\"has-inline-color\">Ci\u00eancias Socioambientais<\/span><\/strong><\/p>\n\n\n\n<p style=\"text-align: justify\">O curso de Ci\u00eancias Socioambientais \u00e9 uma gradua\u00e7\u00e3o in\u00e9dita no pa\u00eds, que passou a ser oferecida em 2010, na UFMG. O objetivo do curso \u00e9 formar profissionais com habilidades para elaborar, analisar, acompanhar e executar projetos ligados ao meio ambiente, incorporando as perspectivas sociais, culturais, hist\u00f3ricas e pol\u00edticas das rela\u00e7\u00f5es entre sociedades e ambientes. <br \/>\n<br \/>\nAs disciplinas ministradas no curso ser\u00e3o orientadas por um eixo comum: a an\u00e1lise de como os elementos \u00e1gua, ar, terra e fogo (neste caso, a energia), s\u00e3o manuseados e apropriados por dimens\u00f5es pol\u00edticas, hist\u00f3ricas e culturais. <br \/>\n<br \/>\nO bacharel em Ci\u00eancias Socioambientais poder\u00e1 atuar em diversas organiza\u00e7\u00f5es que lidam com o meio ambiente, seja na esfera do governo ou no terceiro setor. Al\u00e9m disso, tamb\u00e9m poder\u00e1 participar de pesquisas cient\u00edficas, al\u00e9m de trabalhar em empresas privadas, zelando pelo cumprimento da legisla\u00e7\u00e3o ambiental.<\/p>\n\n\n\n<p><strong>Modalidade:<\/strong> Bacharelado<br><strong>Turno<\/strong>: Noturno<br><strong>Vagas:<\/strong> 50 (1\u00ba Semestre)<br><strong>Dura\u00e7\u00e3o Padr\u00e3o:<\/strong> 4 anos<\/p>\n\n\n\n<p><strong><a href=\"http:\/\/www.fafich.ufmg.br\/socioambientais\/wp-content\/uploads\/2024\/03\/Projeto-Pedagogico.pdf\"><span style=\"color:#077d0f\" class=\"has-inline-color\">Projeto Pedag\u00f3gico<\/span><\/a> <span class=\"has-inline-color has-vivid-red-color\">(em revis\u00e3o)<\/span><\/strong><\/p>\n\n\n\n<p><strong><a href=\"http:\/\/www.fafich.ufmg.br\/socioambientais\/wp-content\/uploads\/2017\/04\/Matriz-Curricular-editada.pdf\"><span style=\"color:#077d0f\" class=\"has-inline-color\">Matriz Curricular<\/span><\/a><\/strong><\/p>\n\n\n\n<iframe src=\"https:\/\/player.vimeo.com\/video\/125815771?h=74a6840d54\" width=\"640\" height=\"360\" frameborder=\"0\" allow=\"autoplay; fullscreen; picture-in-picture\" allowfullscreen=\"\"><\/iframe>\n<p><a href=\"https:\/\/vimeo.com\/125815771\">Mostra de profiss\u00f5es Ci\u00eancias Socioambientais<\/a> de <a href=\"https:\/\/vimeo.com\/user22390313\">Mostra<\/a> dispon\u00edvel no <a href=\"https:\/\/vimeo.com\">Vimeo<\/a>.<\/p>\n\n\n\n<p>Mostra sua UFMG 2023<\/p>\n\n\n\n<figure class=\"wp-block-embed-youtube wp-block-embed is-type-video is-provider-youtube wp-embed-aspect-16-9 wp-has-aspect-ratio\"><div class=\"wp-block-embed__wrapper\">\n<iframe title=\"Videocast Mostra Sua UFMG - epis\u00f3dio #14\" width=\"525\" height=\"295\" src=\"https:\/\/www.youtube.com\/embed\/Q4TdrJVzaAE?start=583&#038;feature=oembed\" frameborder=\"0\" allow=\"accelerometer; autoplay; clipboard-write; encrypted-media; gyroscope; picture-in-picture; web-share\" allowfullscreen><\/iframe>\n<\/div><\/figure>\n","protected":false},"excerpt":{"rendered":"<p>Ci\u00eancias Socioambientais O curso de Ci\u00eancias Socioambientais \u00e9 uma gradua\u00e7\u00e3o in\u00e9dita no pa\u00eds, que passou a ser oferecida em 2010, na UFMG. O objetivo do curso \u00e9 formar profissionais com habilidades para elaborar, analisar, acompanhar e executar projetos ligados ao meio ambiente, incorporando as perspectivas sociais, culturais, hist\u00f3ricas e pol\u00edticas das rela\u00e7\u00f5es entre sociedades e &hellip; <\/p>\n<p class=\"link-more\"><a href=\"https:\/\/www.fafich.ufmg.br\/socioambientais\/\" class=\"more-link\">Continue lendo<span class=\"screen-reader-text\"> &#8220;Sobre o curso&#8221;<\/span><\/a><\/p>\n","protected":false},"author":1,"featured_media":0,"parent":0,"menu_order":0,"comment_status":"closed","ping_status":"closed","template":"","meta":[],"_links":{"self":[{"href":"https:\/\/www.fafich.ufmg.br\/socioambientais\/wp-json\/wp\/v2\/pages\/30"}],"collection":[{"href":"https:\/\/www.fafich.ufmg.br\/socioambientais\/wp-json\/wp\/v2\/pages"}],"about":[{"href":"https:\/\/www.fafich.ufmg.br\/socioambientais\/wp-json\/wp\/v2\/types\/page"}],"author":[{"embeddable":true,"href":"https:\/\/www.fafich.ufmg.br\/socioambientais\/wp-json\/wp\/v2\/users\/1"}],"replies":[{"embeddable":true,"href":"https:\/\/www.fafich.ufmg.br\/socioambientais\/wp-json\/wp\/v2\/comments?post=30"}],"version-history":[{"count":31,"href":"https:\/\/www.fafich.ufmg.br\/socioambientais\/wp-json\/wp\/v2\/pages\/30\/revisions"}],"predecessor-version":[{"id":1108,"href":"https:\/\/www.fafich.ufmg.br\/socioambientais\/wp-json\/wp\/v2\/pages\/30\/revisions\/1108"}],"wp:attachment":[{"href":"https:\/\/www.fafich.ufmg.br\/socioambientais\/wp-json\/wp\/v2\/media?parent=30"}],"curies":[{"name":"wp","href":"https:\/\/api.w.org\/{rel}","templated":true}]}}