{"id":708,"date":"2024-02-23T19:17:37","date_gmt":"2024-02-23T22:17:37","guid":{"rendered":"http:\/\/www.fafich.ufmg.br\/socioambientais\/?page_id=708"},"modified":"2024-02-23T19:17:37","modified_gmt":"2024-02-23T22:17:37","slug":"reopcao-de-curso","status":"publish","type":"page","link":"https:\/\/www.fafich.ufmg.br\/socioambientais\/reopcao-de-curso\/","title":{"rendered":"Reop\u00e7\u00e3o de Curso"},"content":{"rendered":"\n<p style=\"text-align: justify\">Reop\u00e7\u00e3o de curso \u00e9 uma modalidade de ocupa\u00e7\u00e3o de vagas remanescentes em qualquer curso oferecido pela UFMG. Estudantes da UFMG com registro acad\u00eamico ativo que ingressaram no curso pelo processo seletivo SiSU podem participar do processo de reop\u00e7\u00e3o de curso.<\/p>\n\n\n\n<p style=\"text-align: justify\">As solicita\u00e7\u00f5es de reop\u00e7\u00e3o de curso n\u00e3o passam pelo colegiado do curso de origem, de modo que n\u00e3o h\u00e1 como o colegiado intervir na decis\u00e3o do estudante. O estudante poder\u00e1 procurar atendimento com o coordenador do seu curso caso esteja indeciso e precise de orienta\u00e7\u00f5es acad\u00eamicas.<\/p>\n\n\n\n<p style=\"text-align: justify\">Todo processo \u00e9 gerido pelo DRCA e somente depois, se o estudante cumprir os pr\u00e9-requisitos, \u00e9 encaminhado ao colegiado do curso de destino. Para saber sobre o regulamento, datas, quantidade de vagas nos cursos, condi\u00e7\u00f5es espec\u00edficas, etc, acesse:<\/p>\n\n\n\n<p><a href=\"https:\/\/www2.ufmg.br\/drca\/drca\/Home\/Graduacao\/Reopcao-de-Curso\">https:\/\/www2.ufmg.br\/drca\/drca\/Home\/Graduacao\/Reopcao-de-Curso<\/a><\/p>\n\n\n\n<p style=\"text-align: justify\">A condi\u00e7\u00e3o b\u00e1sica para um estudante solicitar a reop\u00e7\u00e3o \u00e9 ter integralizado <strong>20 cr\u00e9ditos de disciplinas obrigat\u00f3rias<\/strong> do primeiro per\u00edodo do seu curso atual. Quando o curso n\u00e3o possui 20 cr\u00e9ditos no primeiro per\u00edodo, caso dos cursos de Qu\u00edmica, o que falta dever\u00e1 ser complementado com disciplinas obrigat\u00f3rias do segundo per\u00edodo.<\/p>\n\n\n\n<p style=\"text-align: justify\">Os 20 cr\u00e9ditos n\u00e3o precisam estar todos integralizados no momento da inscri\u00e7\u00e3o, mas dever\u00e3o estar no momento do registro acad\u00eamico no novo curso, o que ocorre, em geral, no final do primeiro semestre letivo de cada ano. O estudante pode estar com a matr\u00edcula trancada, n\u00e3o h\u00e1 problemas quanto a isso, s\u00f3 precisa estar com o registro acad\u00eamico ativo, ou seja, n\u00e3o pode ter sido exclu\u00eddo do curso de origem por nenhum dos procedimentos de exclus\u00e3o.<\/p>\n\n\n\n<p style=\"text-align: justify\">Com respeito \u00e0 condi\u00e7\u00f5es espec\u00edficas do curso pretendido, o interessado dever\u00e1 entrar em contato com a coordena\u00e7\u00e3o\/secretaria do colegiado do respectivo curso para obter mais informa\u00e7\u00f5es.<\/p>\n","protected":false},"excerpt":{"rendered":"<p>Reop\u00e7\u00e3o de curso \u00e9 uma modalidade de ocupa\u00e7\u00e3o de vagas remanescentes em qualquer curso oferecido pela UFMG. Estudantes da UFMG com registro acad\u00eamico ativo que ingressaram no curso pelo processo seletivo SiSU podem participar do processo de reop\u00e7\u00e3o de curso. As solicita\u00e7\u00f5es de reop\u00e7\u00e3o de curso n\u00e3o passam pelo colegiado do curso de origem, de &hellip; <\/p>\n<p class=\"link-more\"><a href=\"https:\/\/www.fafich.ufmg.br\/socioambientais\/reopcao-de-curso\/\" class=\"more-link\">Continue lendo<span class=\"screen-reader-text\"> &#8220;Reop\u00e7\u00e3o de Curso&#8221;<\/span><\/a><\/p>\n","protected":false},"author":1,"featured_media":0,"parent":0,"menu_order":0,"comment_status":"closed","ping_status":"closed","template":"","meta":[],"_links":{"self":[{"href":"https:\/\/www.fafich.ufmg.br\/socioambientais\/wp-json\/wp\/v2\/pages\/708"}],"collection":[{"href":"https:\/\/www.fafich.ufmg.br\/socioambientais\/wp-json\/wp\/v2\/pages"}],"about":[{"href":"https:\/\/www.fafich.ufmg.br\/socioambientais\/wp-json\/wp\/v2\/types\/page"}],"author":[{"embeddable":true,"href":"https:\/\/www.fafich.ufmg.br\/socioambientais\/wp-json\/wp\/v2\/users\/1"}],"replies":[{"embeddable":true,"href":"https:\/\/www.fafich.ufmg.br\/socioambientais\/wp-json\/wp\/v2\/comments?post=708"}],"version-history":[{"count":11,"href":"https:\/\/www.fafich.ufmg.br\/socioambientais\/wp-json\/wp\/v2\/pages\/708\/revisions"}],"predecessor-version":[{"id":798,"href":"https:\/\/www.fafich.ufmg.br\/socioambientais\/wp-json\/wp\/v2\/pages\/708\/revisions\/798"}],"wp:attachment":[{"href":"https:\/\/www.fafich.ufmg.br\/socioambientais\/wp-json\/wp\/v2\/media?parent=708"}],"curies":[{"name":"wp","href":"https:\/\/api.w.org\/{rel}","templated":true}]}}