{"id":714,"date":"2024-02-26T10:13:31","date_gmt":"2024-02-26T13:13:31","guid":{"rendered":"http:\/\/www.fafich.ufmg.br\/socioambientais\/?page_id=714"},"modified":"2024-02-26T10:13:31","modified_gmt":"2024-02-26T13:13:31","slug":"manuais-siga","status":"publish","type":"page","link":"https:\/\/www.fafich.ufmg.br\/socioambientais\/manuais-siga\/","title":{"rendered":"Manuais SIGA"},"content":{"rendered":"\n<p><\/p>\n\n\n\n<p style=\"text-align: justify\">Procedimentos como trancamentos, revis\u00e3o de desligamento, aproveitamento de assiduidade, desist\u00eancia do curso e outros, s\u00e3o realizados no Sistema de Gest\u00e3o Acad\u00eamica (SIGA) atrav\u00e9s de requerimentos.<\/p>\n\n\n\n<p style=\"text-align: justify\">Trancamentos totais e parciais tem datas espec\u00edficas, publicadas no Calend\u00e1rio Acad\u00eamico da UFMG, para serem solicitados. Al\u00e9m disso, a solicita\u00e7\u00e3o de trancamento deve estar em obedi\u00eancia \u00e0s Normas Acad\u00eamicas. Em rela\u00e7\u00e3o aos trancamentos parciais, recomendamos a leitura das orienta\u00e7\u00f5es dispon\u00edveis <a href=\"http:\/\/www.fafich.ufmg.br\/socioambientais\/wp-content\/uploads\/2024\/02\/NGG.pdf\" class=\"has-inline-color has-vivid-red-color\">clicando aqui<\/a>.<\/p>\n\n\n\n<p>Alguns documentos tamb\u00e9m s\u00e3o obtidos no SIGA.<\/p>\n\n\n\n<p style=\"text-align: justify\">Abaixo est\u00e3o as orienta\u00e7\u00f5es para o acesso a cada uma dessas funcionalidades do SIGA.<\/p>\n\n\n\n<hr class=\"wp-block-separator\"\/>\n\n\n\n<ul><li><a href=\"http:\/\/www.fafich.ufmg.br\/socioambientais\/wp-content\/uploads\/2023\/09\/aproveitamento-de-assiduidade.pdf\" data-type=\"URL\" data-id=\"http:\/\/www.fafich.ufmg.br\/socioambientais\/wp-content\/uploads\/2023\/09\/aproveitamento-de-assiduidade.pdf\" target=\"_blank\" rel=\"noreferrer noopener\"><span class=\"has-inline-color has-black-color\">Aproveitamento de assiduidade<\/span><\/a><\/li><\/ul>\n\n\n\n<ul><li><a href=\"http:\/\/www.fafich.ufmg.br\/socioambientais\/wp-content\/uploads\/2023\/09\/desistencia-do-curso.pdf\" data-type=\"URL\" data-id=\"http:\/\/www.fafich.ufmg.br\/socioambientais\/wp-content\/uploads\/2023\/09\/desistencia-do-curso.pdf\" target=\"_blank\" rel=\"noreferrer noopener\">Desist\u00eancia formal do curso<\/a><\/li><\/ul>\n\n\n\n<ul><li>Documentos autentic\u00e1veis<ul><li><a href=\"http:\/\/www.fafich.ufmg.br\/socioambientais\/wp-content\/uploads\/2023\/09\/documentos-autenticaveis.pdf\" target=\"_blank\" rel=\"noreferrer noopener\">Comprovante de Matricula<\/a><\/li><li><a href=\"http:\/\/www.fafich.ufmg.br\/socioambientais\/wp-content\/uploads\/2023\/09\/documentos-autenticaveis-historico.pdf\" target=\"_blank\" rel=\"noreferrer noopener\">Hist\u00f3rico<\/a><\/li><\/ul><\/li><\/ul>\n\n\n\n<ul><li><a href=\"http:\/\/www.fafich.ufmg.br\/socioambientais\/wp-content\/uploads\/2023\/09\/matricula.pdf\" target=\"_blank\" rel=\"noreferrer noopener\">Matr\u00edcula<\/a><\/li><\/ul>\n\n\n\n<ul><li><a href=\"http:\/\/www.fafich.ufmg.br\/socioambientais\/wp-content\/uploads\/2023\/09\/requerimentos.pdf\" target=\"_blank\" rel=\"noreferrer noopener\">Requerimentos<\/a><ul><li><a href=\"http:\/\/www.fafich.ufmg.br\/socioambientais\/wp-content\/uploads\/2023\/09\/roteiro_desistenciaformal.pdf\" target=\"_blank\" rel=\"noreferrer noopener\">Desist\u00eancia formal<\/a><\/li><\/ul><ul><li><a href=\"http:\/\/www.fafich.ufmg.br\/socioambientais\/wp-content\/uploads\/2023\/09\/trancamento-parcial.pdf\" target=\"_blank\" rel=\"noreferrer noopener\">Trancamento parcial<\/a><\/li><\/ul><ul><li><a href=\"http:\/\/www.fafich.ufmg.br\/socioambientais\/wp-content\/uploads\/2023\/09\/trancamento-total.pdf\" target=\"_blank\" rel=\"noreferrer noopener\">Trancamento total<\/a><\/li><\/ul><\/li><\/ul>\n\n\n\n<ul><li><a href=\"http:\/\/www.fafich.ufmg.br\/socioambientais\/wp-content\/uploads\/2023\/09\/Plano-de-Estudos.pdf\" target=\"_blank\" rel=\"noreferrer noopener\">Plano de estudos<\/a><\/li><\/ul>\n\n\n\n<ul><li><a href=\"http:\/\/www.fafich.ufmg.br\/socioambientais\/wp-content\/uploads\/2023\/09\/Extrato-de-integralizacao.pdf\" target=\"_blank\" rel=\"noreferrer noopener\">Extrato de integraliza\u00e7\u00e3o<\/a><\/li><\/ul>\n\n\n\n<ul><li><span class=\"has-inline-color has-black-color\"><a href=\"http:\/\/www.fafich.ufmg.br\/socioambientais\/wp-content\/uploads\/2024\/02\/Ocorrencias_academicas_curriculares_CSA.pdf\" target=\"_blank\" rel=\"noreferrer noopener\">Ocorr\u00eancias Acad\u00eamicas e Curriculares<\/a><\/span><\/li><\/ul>\n\n\n\n<ul><li><span class=\"has-inline-color has-black-color\"><a href=\"http:\/\/www.fafich.ufmg.br\/socioambientais\/wp-content\/uploads\/2024\/02\/Mapa_de_oferta_CSA.pdf\" target=\"_blank\" rel=\"noreferrer noopener\">Mapa de oferta de disciplinas<\/a><\/span><\/li><\/ul>\n\n\n\n<ul><li><a href=\"http:\/\/www.fafich.ufmg.br\/socioambientais\/wp-content\/uploads\/2023\/09\/Manual_Aplicativo_Siga_UFMG.pdf\" target=\"_blank\" rel=\"noreferrer noopener\">Aplicativo SIGA<\/a><\/li><\/ul>\n\n\n\n<p><\/p>\n","protected":false},"excerpt":{"rendered":"<p>Procedimentos como trancamentos, revis\u00e3o de desligamento, aproveitamento de assiduidade, desist\u00eancia do curso e outros, s\u00e3o realizados no Sistema de Gest\u00e3o Acad\u00eamica (SIGA) atrav\u00e9s de requerimentos. Trancamentos totais e parciais tem datas espec\u00edficas, publicadas no Calend\u00e1rio Acad\u00eamico da UFMG, para serem solicitados. Al\u00e9m disso, a solicita\u00e7\u00e3o de trancamento deve estar em obedi\u00eancia \u00e0s Normas Acad\u00eamicas. Em &hellip; <\/p>\n<p class=\"link-more\"><a href=\"https:\/\/www.fafich.ufmg.br\/socioambientais\/manuais-siga\/\" class=\"more-link\">Continue lendo<span class=\"screen-reader-text\"> &#8220;Manuais SIGA&#8221;<\/span><\/a><\/p>\n","protected":false},"author":1,"featured_media":0,"parent":0,"menu_order":0,"comment_status":"closed","ping_status":"closed","template":"","meta":[],"_links":{"self":[{"href":"https:\/\/www.fafich.ufmg.br\/socioambientais\/wp-json\/wp\/v2\/pages\/714"}],"collection":[{"href":"https:\/\/www.fafich.ufmg.br\/socioambientais\/wp-json\/wp\/v2\/pages"}],"about":[{"href":"https:\/\/www.fafich.ufmg.br\/socioambientais\/wp-json\/wp\/v2\/types\/page"}],"author":[{"embeddable":true,"href":"https:\/\/www.fafich.ufmg.br\/socioambientais\/wp-json\/wp\/v2\/users\/1"}],"replies":[{"embeddable":true,"href":"https:\/\/www.fafich.ufmg.br\/socioambientais\/wp-json\/wp\/v2\/comments?post=714"}],"version-history":[{"count":33,"href":"https:\/\/www.fafich.ufmg.br\/socioambientais\/wp-json\/wp\/v2\/pages\/714\/revisions"}],"predecessor-version":[{"id":1194,"href":"https:\/\/www.fafich.ufmg.br\/socioambientais\/wp-json\/wp\/v2\/pages\/714\/revisions\/1194"}],"wp:attachment":[{"href":"https:\/\/www.fafich.ufmg.br\/socioambientais\/wp-json\/wp\/v2\/media?parent=714"}],"curies":[{"name":"wp","href":"https:\/\/api.w.org\/{rel}","templated":true}]}}