{"id":751,"date":"2024-02-26T10:15:31","date_gmt":"2024-02-26T13:15:31","guid":{"rendered":"http:\/\/www.fafich.ufmg.br\/socioambientais\/?page_id=751"},"modified":"2026-03-10T14:35:17","modified_gmt":"2026-03-10T17:35:17","slug":"vida-academica","status":"publish","type":"page","link":"https:\/\/www.fafich.ufmg.br\/socioambientais\/vida-academica\/","title":{"rendered":"Vida Acad\u00eamica"},"content":{"rendered":"\n<p><a href=\"http:\/\/www.fafich.ufmg.br\/socioambientais\/central-de-atendimento-da-graduacao\/\">Central de atendimento da gradua\u00e7\u00e3o<\/a><\/p>\n\n\n\n<p><a href=\"http:\/\/www.fafich.ufmg.br\/socioambientais\/estagio\/\">Estagio<\/a><\/p>\n\n\n\n<p><a href=\"http:\/\/www.fafich.ufmg.br\/socioambientais\/formularios-e-normativas\/\" data-type=\"URL\" data-id=\"http:\/\/www.fafich.ufmg.br\/socioambientais\/formularios-e-normativas\/\" target=\"_blank\" rel=\"noreferrer noopener\">Formul\u00e1rios e Normativas<\/a><\/p>\n\n\n\n<p><a href=\"http:\/\/www.fafich.ufmg.br\/socioambientais\/manuais-siga\/\" target=\"_blank\" rel=\"noreferrer noopener\">Manuais SIGA<\/a><\/p>\n\n\n\n<p><a href=\"http:\/\/www.fafich.ufmg.br\/socioambientais\/pesquisa-extensao\/\" target=\"_blank\" rel=\"noreferrer noopener\">Pesquisa e Extens\u00e3o<\/a><\/p>\n\n\n\n<p><a rel=\"noreferrer noopener\" href=\"http:\/\/www.fafich.ufmg.br\/socioambientais\/quadro-de-horarios-e-mapa-de-salas\/\" target=\"_blank\">Quadro de Hor\u00e1rios e Mapa de Salas<\/a><\/p>\n\n\n\n<p><a href=\"https:\/\/drive.google.com\/file\/d\/1s--KpLN3URfeDGgX9ux9t3wlnhJ1_hLh\/view?usp=sharing\">Quadro de hor\u00e1rios: disciplinas do 1\u00ba semestre de 2026<\/a><\/p>\n\n\n\n<p><a href=\"https:\/\/docs.google.com\/spreadsheets\/d\/1oJS7nx_17nV3K8eog0L-GZtpRTbdyoVe\/edit?usp=sharing&amp;ouid=111093122785389591574&amp;rtpof=true&amp;sd=true\">Mapa de salas: 1\u00ba semestre de 2026<\/a><\/p>\n","protected":false},"excerpt":{"rendered":"<p>Central de atendimento da gradua\u00e7\u00e3o Estagio Formul\u00e1rios e Normativas Manuais SIGA Pesquisa e Extens\u00e3o Quadro de Hor\u00e1rios e Mapa de Salas Quadro de hor\u00e1rios: disciplinas do 1\u00ba semestre de 2026 Mapa de salas: 1\u00ba semestre de 2026<\/p>\n","protected":false},"author":1,"featured_media":0,"parent":0,"menu_order":0,"comment_status":"closed","ping_status":"closed","template":"","meta":[],"_links":{"self":[{"href":"https:\/\/www.fafich.ufmg.br\/socioambientais\/wp-json\/wp\/v2\/pages\/751"}],"collection":[{"href":"https:\/\/www.fafich.ufmg.br\/socioambientais\/wp-json\/wp\/v2\/pages"}],"about":[{"href":"https:\/\/www.fafich.ufmg.br\/socioambientais\/wp-json\/wp\/v2\/types\/page"}],"author":[{"embeddable":true,"href":"https:\/\/www.fafich.ufmg.br\/socioambientais\/wp-json\/wp\/v2\/users\/1"}],"replies":[{"embeddable":true,"href":"https:\/\/www.fafich.ufmg.br\/socioambientais\/wp-json\/wp\/v2\/comments?post=751"}],"version-history":[{"count":9,"href":"https:\/\/www.fafich.ufmg.br\/socioambientais\/wp-json\/wp\/v2\/pages\/751\/revisions"}],"predecessor-version":[{"id":1237,"href":"https:\/\/www.fafich.ufmg.br\/socioambientais\/wp-json\/wp\/v2\/pages\/751\/revisions\/1237"}],"wp:attachment":[{"href":"https:\/\/www.fafich.ufmg.br\/socioambientais\/wp-json\/wp\/v2\/media?parent=751"}],"curies":[{"name":"wp","href":"https:\/\/api.w.org\/{rel}","templated":true}]}}