{"id":764,"date":"2024-02-26T10:06:58","date_gmt":"2024-02-26T13:06:58","guid":{"rendered":"http:\/\/www.fafich.ufmg.br\/socioambientais\/?page_id=764"},"modified":"2025-07-11T16:22:07","modified_gmt":"2025-07-11T19:22:07","slug":"quadro-de-horarios-e-mapa-de-salas","status":"publish","type":"page","link":"https:\/\/www.fafich.ufmg.br\/socioambientais\/quadro-de-horarios-e-mapa-de-salas\/","title":{"rendered":"Quadro de Hor\u00e1rios e Mapa de Salas"},"content":{"rendered":"\n<p>O quadro de hor\u00e1rios e o mapa de salas s\u00e3o atualizados semestralmente.<br>Sempre verifique os novos documentos disponibilizados pelo Colegiado.<\/p>\n\n\n\n<p class=\"has-text-align-center\"><strong>Quadro de Hor\u00e1rios <\/strong><\/p>\n\n\n\n<p class=\"has-text-align-center\"><\/p>\n\n\n\n<div class=\"wp-block-file\"><a href=\"https:\/\/www.fafich.ufmg.br\/socioambientais\/wp-content\/uploads\/2025\/07\/QUADRO-oferta-e-horario-2025-2.pdf\">QUADRO-oferta-e-horario-2025-2<\/a><a href=\"https:\/\/www.fafich.ufmg.br\/socioambientais\/wp-content\/uploads\/2025\/07\/QUADRO-oferta-e-horario-2025-2.pdf\" class=\"wp-block-file__button\" download>Baixar<\/a><\/div>\n\n\n\n<p><\/p>\n","protected":false},"excerpt":{"rendered":"<p>O quadro de hor\u00e1rios e o mapa de salas s\u00e3o atualizados semestralmente.Sempre verifique os novos documentos disponibilizados pelo Colegiado. Quadro de Hor\u00e1rios<\/p>\n","protected":false},"author":1,"featured_media":0,"parent":0,"menu_order":0,"comment_status":"closed","ping_status":"closed","template":"","meta":[],"_links":{"self":[{"href":"https:\/\/www.fafich.ufmg.br\/socioambientais\/wp-json\/wp\/v2\/pages\/764"}],"collection":[{"href":"https:\/\/www.fafich.ufmg.br\/socioambientais\/wp-json\/wp\/v2\/pages"}],"about":[{"href":"https:\/\/www.fafich.ufmg.br\/socioambientais\/wp-json\/wp\/v2\/types\/page"}],"author":[{"embeddable":true,"href":"https:\/\/www.fafich.ufmg.br\/socioambientais\/wp-json\/wp\/v2\/users\/1"}],"replies":[{"embeddable":true,"href":"https:\/\/www.fafich.ufmg.br\/socioambientais\/wp-json\/wp\/v2\/comments?post=764"}],"version-history":[{"count":7,"href":"https:\/\/www.fafich.ufmg.br\/socioambientais\/wp-json\/wp\/v2\/pages\/764\/revisions"}],"predecessor-version":[{"id":1232,"href":"https:\/\/www.fafich.ufmg.br\/socioambientais\/wp-json\/wp\/v2\/pages\/764\/revisions\/1232"}],"wp:attachment":[{"href":"https:\/\/www.fafich.ufmg.br\/socioambientais\/wp-json\/wp\/v2\/media?parent=764"}],"curies":[{"name":"wp","href":"https:\/\/api.w.org\/{rel}","templated":true}]}}