{"id":769,"date":"2024-02-26T10:07:04","date_gmt":"2024-02-26T13:07:04","guid":{"rendered":"http:\/\/www.fafich.ufmg.br\/socioambientais\/?page_id=769"},"modified":"2024-10-15T13:23:40","modified_gmt":"2024-10-15T16:23:40","slug":"formularios-e-normativas","status":"publish","type":"page","link":"https:\/\/www.fafich.ufmg.br\/socioambientais\/formularios-e-normativas\/","title":{"rendered":"Formul\u00e1rios e Normativas"},"content":{"rendered":"\n<hr class=\"wp-block-separator\"\/>\n\n\n\n<p> <strong>Regulamento e Normas <\/strong><\/p>\n\n\n\n<p><a href=\"http:\/\/www.fafich.ufmg.br\/socioambientais\/wp-content\/uploads\/2024\/06\/REGULAMENTO-_CSA_2023_revisao.pdf\" target=\"_blank\" rel=\"noreferrer noopener\">Regulamento do curso de Ci\u00eancias Socioambientais<\/a> <span class=\"has-inline-color has-vivid-red-color\">(em revis\u00e3o)<\/span><\/p>\n\n\n\n<p><a href=\"http:\/\/www.fafich.ufmg.br\/socioambientais\/wp-content\/uploads\/2024\/02\/NGG.pdf\">Normas Gerais de <\/a><a href=\"http:\/\/www.fafich.ufmg.br\/socioambientais\/wp-content\/uploads\/2024\/02\/NGG.pdf\" target=\"_blank\" rel=\"noreferrer noopener\">Gradua\u00e7\u00e3o (NGG)<\/a><\/p>\n\n\n\n<hr class=\"wp-block-separator is-style-wide\"\/>\n\n\n\n<p><strong>Requerimentos<\/strong><\/p>\n\n\n\n<p><a href=\"http:\/\/www.fafich.ufmg.br\/socioambientais\/wp-content\/uploads\/2023\/10\/Formulario_FCA.pdf\" target=\"_blank\" rel=\"noreferrer noopener\">Requerimento de forma\u00e7\u00e3o complementar aberta<\/a><\/p>\n\n\n\n<p><a href=\"http:\/\/www.fafich.ufmg.br\/socioambientais\/wp-content\/uploads\/2023\/10\/form-13_Autoriz-ELETIVA.pdf\" target=\"_blank\" rel=\"noreferrer noopener\">Autoriza\u00e7\u00e3o de Matr\u00edcula em Atividade Acad\u00eamica\/Forma\u00e7\u00e3o Livre<\/a><\/p>\n\n\n\n<p><a href=\"https:\/\/www.fafich.ufmg.br\/socioambientais\/reopcao-de-curso\/\" target=\"_blank\" rel=\"noreferrer noopener\">Instru\u00e7\u00f5es para reop\u00e7\u00e3o de curso <\/a><\/p>\n\n\n\n<p><a href=\"http:\/\/www.fafich.ufmg.br\/socioambientais\/wp-content\/uploads\/2024\/03\/form-7_Aproveitamento-ESTUDOS.pdf\">Aproveitamentos de estudos<\/a><\/p>\n\n\n\n<p><a href=\"http:\/\/www.fafich.ufmg.br\/socioambientais\/wp-content\/uploads\/2024\/03\/Solicitacao_dispensa_aac-1.pdf\">Aproveitamento de atividades acad\u00eamicas<\/a><\/p>\n\n\n\n<p><a href=\"http:\/\/www.fafich.ufmg.br\/socioambientais\/wp-content\/uploads\/2024\/09\/RESOLUCAO-No-002_2012.pdf\" target=\"_blank\" rel=\"noreferrer noopener\">Resolu\u00e7\u00e3o 02\/2012<\/a>, de 27 de novembro de 2012, do colegiado<br>Disp\u00f5e sobre os crit\u00e9rios para o aproveitamento de cr\u00e9ditos de Atividades Acad\u00eamicas<\/p>\n\n\n\n<hr class=\"wp-block-separator is-style-wide\"\/>\n\n\n\n<p><strong>Resolu\u00e7\u00f5es do CEPE<\/strong><\/p>\n","protected":false},"excerpt":{"rendered":"<p>Regulamento e Normas Regulamento do curso de Ci\u00eancias Socioambientais (em revis\u00e3o) Normas Gerais de Gradua\u00e7\u00e3o (NGG) Requerimentos Requerimento de forma\u00e7\u00e3o complementar aberta Autoriza\u00e7\u00e3o de Matr\u00edcula em Atividade Acad\u00eamica\/Forma\u00e7\u00e3o Livre Instru\u00e7\u00f5es para reop\u00e7\u00e3o de curso Aproveitamentos de estudos Aproveitamento de atividades acad\u00eamicas Resolu\u00e7\u00e3o 02\/2012, de 27 de novembro de 2012, do colegiadoDisp\u00f5e sobre os crit\u00e9rios para &hellip; <\/p>\n<p class=\"link-more\"><a href=\"https:\/\/www.fafich.ufmg.br\/socioambientais\/formularios-e-normativas\/\" class=\"more-link\">Continue lendo<span class=\"screen-reader-text\"> &#8220;Formul\u00e1rios e Normativas&#8221;<\/span><\/a><\/p>\n","protected":false},"author":1,"featured_media":0,"parent":0,"menu_order":0,"comment_status":"closed","ping_status":"closed","template":"","meta":[],"_links":{"self":[{"href":"https:\/\/www.fafich.ufmg.br\/socioambientais\/wp-json\/wp\/v2\/pages\/769"}],"collection":[{"href":"https:\/\/www.fafich.ufmg.br\/socioambientais\/wp-json\/wp\/v2\/pages"}],"about":[{"href":"https:\/\/www.fafich.ufmg.br\/socioambientais\/wp-json\/wp\/v2\/types\/page"}],"author":[{"embeddable":true,"href":"https:\/\/www.fafich.ufmg.br\/socioambientais\/wp-json\/wp\/v2\/users\/1"}],"replies":[{"embeddable":true,"href":"https:\/\/www.fafich.ufmg.br\/socioambientais\/wp-json\/wp\/v2\/comments?post=769"}],"version-history":[{"count":30,"href":"https:\/\/www.fafich.ufmg.br\/socioambientais\/wp-json\/wp\/v2\/pages\/769\/revisions"}],"predecessor-version":[{"id":1195,"href":"https:\/\/www.fafich.ufmg.br\/socioambientais\/wp-json\/wp\/v2\/pages\/769\/revisions\/1195"}],"wp:attachment":[{"href":"https:\/\/www.fafich.ufmg.br\/socioambientais\/wp-json\/wp\/v2\/media?parent=769"}],"curies":[{"name":"wp","href":"https:\/\/api.w.org\/{rel}","templated":true}]}}