{"id":782,"date":"2024-03-05T11:50:45","date_gmt":"2024-03-05T14:50:45","guid":{"rendered":"http:\/\/www.fafich.ufmg.br\/socioambientais\/?page_id=782"},"modified":"2024-03-05T11:50:45","modified_gmt":"2024-03-05T14:50:45","slug":"publicacoes","status":"publish","type":"page","link":"https:\/\/www.fafich.ufmg.br\/socioambientais\/publicacoes\/","title":{"rendered":"Publica\u00e7\u00f5es"},"content":{"rendered":"\n<hr class=\"wp-block-separator\"\/>\n\n\n\n<div class=\"wp-block-group\"><div class=\"wp-block-group__inner-container\">\n<p style=\"text-align: justify\"> CARVALHO, Ely Bergo de; HATAKEYAMA, Richard; CARMO, Nayara Cristine Carneiro do. Do Projeto Pedag\u00f3gico \u00e0 Pr\u00e1tica: Um estudo sobre os egressos do curso de Ci\u00eancias Socioambientais. <strong> LAS CASAS, Estevam Barbosa de; CUNHA, Daisy Moreira; QUEIROZ, Tatiana Pereira (org.). UFMG pesquisa egressos. Belo Horizonte: Editora UFMG, 2019.<\/strong>, 2019. <\/p>\n\n\n\n<div class=\"wp-block-buttons aligncenter\">\n<div class=\"wp-block-button\"><a class=\"wp-block-button__link\" href=\"http:\/\/www.fafich.ufmg.br\/socioambientais\/wp-content\/uploads\/2024\/03\/Do-projeto-pedagogico-a-praticaum-estudo-sobre-os-egressos-do-curso-de-ciencias-socioambientais.pdf\">Download<\/a><\/div>\n<\/div>\n<\/div><\/div>\n\n\n\n<hr class=\"wp-block-separator\"\/>\n\n\n\n<p><\/p>\n","protected":false},"excerpt":{"rendered":"","protected":false},"author":1,"featured_media":0,"parent":0,"menu_order":0,"comment_status":"closed","ping_status":"closed","template":"","meta":[],"_links":{"self":[{"href":"https:\/\/www.fafich.ufmg.br\/socioambientais\/wp-json\/wp\/v2\/pages\/782"}],"collection":[{"href":"https:\/\/www.fafich.ufmg.br\/socioambientais\/wp-json\/wp\/v2\/pages"}],"about":[{"href":"https:\/\/www.fafich.ufmg.br\/socioambientais\/wp-json\/wp\/v2\/types\/page"}],"author":[{"embeddable":true,"href":"https:\/\/www.fafich.ufmg.br\/socioambientais\/wp-json\/wp\/v2\/users\/1"}],"replies":[{"embeddable":true,"href":"https:\/\/www.fafich.ufmg.br\/socioambientais\/wp-json\/wp\/v2\/comments?post=782"}],"version-history":[{"count":19,"href":"https:\/\/www.fafich.ufmg.br\/socioambientais\/wp-json\/wp\/v2\/pages\/782\/revisions"}],"predecessor-version":[{"id":1097,"href":"https:\/\/www.fafich.ufmg.br\/socioambientais\/wp-json\/wp\/v2\/pages\/782\/revisions\/1097"}],"wp:attachment":[{"href":"https:\/\/www.fafich.ufmg.br\/socioambientais\/wp-json\/wp\/v2\/media?parent=782"}],"curies":[{"name":"wp","href":"https:\/\/api.w.org\/{rel}","templated":true}]}}