{"id":792,"date":"2024-02-28T11:20:24","date_gmt":"2024-02-28T14:20:24","guid":{"rendered":"http:\/\/www.fafich.ufmg.br\/socioambientais\/?page_id=792"},"modified":"2024-02-28T11:20:24","modified_gmt":"2024-02-28T14:20:24","slug":"central-de-atendimento-da-graduacao","status":"publish","type":"page","link":"https:\/\/www.fafich.ufmg.br\/socioambientais\/central-de-atendimento-da-graduacao\/","title":{"rendered":"Central de Atendimento da Gradua\u00e7\u00e3o"},"content":{"rendered":"\n<p style=\"text-align: justify\">A Central de Atendimento da Gradua\u00e7\u00e3o foi criada em dezembro de 2017, com o intuito de atender a comunidade discente de <strong>forma integrada, ininterrupta e em um \u00fanico local.<\/strong><\/p>\n\n\n\n<p style=\"text-align: justify\">Na Central, cada estudante pode requerer e\/ou buscar informa\u00e7\u00f5es a respeito de:<\/p>\n\n\n\n<div class=\"wp-block-media-text alignwide is-stacked-on-mobile\"><figure class=\"wp-block-media-text__media\"><img loading=\"lazy\" width=\"1024\" height=\"768\" src=\"http:\/\/www.fafich.ufmg.br\/socioambientais\/wp-content\/uploads\/2024\/02\/central_atendimento_grad-1024x768.jpeg\" alt=\"\" class=\"wp-image-1014\" srcset=\"https:\/\/www.fafich.ufmg.br\/socioambientais\/wp-content\/uploads\/2024\/02\/central_atendimento_grad-1024x768.jpeg 1024w, https:\/\/www.fafich.ufmg.br\/socioambientais\/wp-content\/uploads\/2024\/02\/central_atendimento_grad-300x225.jpeg 300w, https:\/\/www.fafich.ufmg.br\/socioambientais\/wp-content\/uploads\/2024\/02\/central_atendimento_grad-768x576.jpeg 768w, https:\/\/www.fafich.ufmg.br\/socioambientais\/wp-content\/uploads\/2024\/02\/central_atendimento_grad.jpeg 1280w\" sizes=\"(max-width: 767px) 89vw, (max-width: 1000px) 54vw, (max-width: 1071px) 543px, 580px\" \/><\/figure><div class=\"wp-block-media-text__content\">\n <ul>\n  <li>Hist\u00f3rico Escolar;<\/li>\n  <li>Comprovante de Matr\u00edcula;<\/li>\n  <li>Declara\u00e7\u00f5es;<\/li>\n  <li>Trancamentos;<\/li>\n  <li>Continuidade de Estudos;<\/li>\n  <li>Pedido e Retirada de Diplomas;<\/li>\n  <li>Aproveitamento de estudos ou Atividades Geradoras de Cr\u00e9ditos;<\/li>\n  <li>Cola\u00e7\u00e3o de Grau;<\/li>\n  <li>Regime Especial;<\/li>\n  <li>Interc\u00e2mbio.<\/li>\n<\/ul> \n\n\n\n<p><\/p>\n<\/div><\/div>\n\n\n\n<p style=\"text-align: justify\">Durante o per\u00edodo letivo, a Central de Atendimento ao Aluno de Gradua\u00e7\u00e3o funciona ininterruptamente das <strong>8:00 \u00e0s 22 horas, na sala F2003<\/strong> (2\u00ba andar da FAFICH).<\/p>\n\n\n\n<p>Telefone para contato: <strong>(31) 3409-5088<\/strong><\/p>\n\n\n\n<figure class=\"wp-block-gallery columns-2 is-cropped\"><ul class=\"blocks-gallery-grid\"><li class=\"blocks-gallery-item\"><figure><img loading=\"lazy\" width=\"1024\" height=\"768\" src=\"http:\/\/www.fafich.ufmg.br\/socioambientais\/wp-content\/uploads\/2024\/02\/central_atendimento_grad_02-1-1024x768.jpeg\" alt=\"\" data-id=\"1025\" data-full-url=\"http:\/\/www.fafich.ufmg.br\/socioambientais\/wp-content\/uploads\/2024\/02\/central_atendimento_grad_02-1.jpeg\" data-link=\"http:\/\/www.fafich.ufmg.br\/socioambientais\/?attachment_id=1025\" class=\"wp-image-1025\" srcset=\"https:\/\/www.fafich.ufmg.br\/socioambientais\/wp-content\/uploads\/2024\/02\/central_atendimento_grad_02-1-1024x768.jpeg 1024w, https:\/\/www.fafich.ufmg.br\/socioambientais\/wp-content\/uploads\/2024\/02\/central_atendimento_grad_02-1-300x225.jpeg 300w, https:\/\/www.fafich.ufmg.br\/socioambientais\/wp-content\/uploads\/2024\/02\/central_atendimento_grad_02-1-768x576.jpeg 768w, https:\/\/www.fafich.ufmg.br\/socioambientais\/wp-content\/uploads\/2024\/02\/central_atendimento_grad_02-1.jpeg 1280w\" sizes=\"(max-width: 767px) 89vw, (max-width: 1000px) 54vw, (max-width: 1071px) 543px, 580px\" \/><\/figure><\/li><li class=\"blocks-gallery-item\"><figure><img loading=\"lazy\" width=\"1024\" height=\"768\" src=\"http:\/\/www.fafich.ufmg.br\/socioambientais\/wp-content\/uploads\/2024\/02\/central_atendimento_grad_01-2-1024x768.jpeg\" alt=\"\" data-id=\"1026\" data-full-url=\"http:\/\/www.fafich.ufmg.br\/socioambientais\/wp-content\/uploads\/2024\/02\/central_atendimento_grad_01-2.jpeg\" data-link=\"http:\/\/www.fafich.ufmg.br\/socioambientais\/?attachment_id=1026\" class=\"wp-image-1026\" srcset=\"https:\/\/www.fafich.ufmg.br\/socioambientais\/wp-content\/uploads\/2024\/02\/central_atendimento_grad_01-2-1024x768.jpeg 1024w, https:\/\/www.fafich.ufmg.br\/socioambientais\/wp-content\/uploads\/2024\/02\/central_atendimento_grad_01-2-300x225.jpeg 300w, https:\/\/www.fafich.ufmg.br\/socioambientais\/wp-content\/uploads\/2024\/02\/central_atendimento_grad_01-2-768x576.jpeg 768w, https:\/\/www.fafich.ufmg.br\/socioambientais\/wp-content\/uploads\/2024\/02\/central_atendimento_grad_01-2.jpeg 1280w\" sizes=\"(max-width: 767px) 89vw, (max-width: 1000px) 54vw, (max-width: 1071px) 543px, 580px\" \/><\/figure><\/li><li class=\"blocks-gallery-item\"><figure><img loading=\"lazy\" width=\"1024\" height=\"768\" src=\"http:\/\/www.fafich.ufmg.br\/socioambientais\/wp-content\/uploads\/2024\/02\/central_atendimento_grad_06-1-1024x768.jpeg\" alt=\"\" data-id=\"1028\" data-full-url=\"http:\/\/www.fafich.ufmg.br\/socioambientais\/wp-content\/uploads\/2024\/02\/central_atendimento_grad_06-1.jpeg\" data-link=\"http:\/\/www.fafich.ufmg.br\/socioambientais\/?attachment_id=1028\" class=\"wp-image-1028\" srcset=\"https:\/\/www.fafich.ufmg.br\/socioambientais\/wp-content\/uploads\/2024\/02\/central_atendimento_grad_06-1-1024x768.jpeg 1024w, https:\/\/www.fafich.ufmg.br\/socioambientais\/wp-content\/uploads\/2024\/02\/central_atendimento_grad_06-1-300x225.jpeg 300w, https:\/\/www.fafich.ufmg.br\/socioambientais\/wp-content\/uploads\/2024\/02\/central_atendimento_grad_06-1-768x576.jpeg 768w, https:\/\/www.fafich.ufmg.br\/socioambientais\/wp-content\/uploads\/2024\/02\/central_atendimento_grad_06-1.jpeg 1280w\" sizes=\"(max-width: 767px) 89vw, (max-width: 1000px) 54vw, (max-width: 1071px) 543px, 580px\" \/><\/figure><\/li><li class=\"blocks-gallery-item\"><figure><img loading=\"lazy\" width=\"1024\" height=\"768\" src=\"http:\/\/www.fafich.ufmg.br\/socioambientais\/wp-content\/uploads\/2024\/02\/central_atendimento_grad_04-1-1024x768.jpeg\" alt=\"\" data-id=\"1030\" data-full-url=\"http:\/\/www.fafich.ufmg.br\/socioambientais\/wp-content\/uploads\/2024\/02\/central_atendimento_grad_04-1.jpeg\" data-link=\"http:\/\/www.fafich.ufmg.br\/socioambientais\/?attachment_id=1030\" class=\"wp-image-1030\" srcset=\"https:\/\/www.fafich.ufmg.br\/socioambientais\/wp-content\/uploads\/2024\/02\/central_atendimento_grad_04-1-1024x768.jpeg 1024w, https:\/\/www.fafich.ufmg.br\/socioambientais\/wp-content\/uploads\/2024\/02\/central_atendimento_grad_04-1-300x225.jpeg 300w, https:\/\/www.fafich.ufmg.br\/socioambientais\/wp-content\/uploads\/2024\/02\/central_atendimento_grad_04-1-768x576.jpeg 768w, https:\/\/www.fafich.ufmg.br\/socioambientais\/wp-content\/uploads\/2024\/02\/central_atendimento_grad_04-1.jpeg 1280w\" sizes=\"(max-width: 767px) 89vw, (max-width: 1000px) 54vw, (max-width: 1071px) 543px, 580px\" \/><\/figure><\/li><\/ul><\/figure>\n","protected":false},"excerpt":{"rendered":"<p>A Central de Atendimento da Gradua\u00e7\u00e3o foi criada em dezembro de 2017, com o intuito de atender a comunidade discente de forma integrada, ininterrupta e em um \u00fanico local. Na Central, cada estudante pode requerer e\/ou buscar informa\u00e7\u00f5es a respeito de: Hist\u00f3rico Escolar; Comprovante de Matr\u00edcula; Declara\u00e7\u00f5es; Trancamentos; Continuidade de Estudos; Pedido e Retirada de &hellip; <\/p>\n<p class=\"link-more\"><a href=\"https:\/\/www.fafich.ufmg.br\/socioambientais\/central-de-atendimento-da-graduacao\/\" class=\"more-link\">Continue lendo<span class=\"screen-reader-text\"> &#8220;Central de Atendimento da Gradua\u00e7\u00e3o&#8221;<\/span><\/a><\/p>\n","protected":false},"author":1,"featured_media":0,"parent":0,"menu_order":0,"comment_status":"closed","ping_status":"closed","template":"","meta":[],"_links":{"self":[{"href":"https:\/\/www.fafich.ufmg.br\/socioambientais\/wp-json\/wp\/v2\/pages\/792"}],"collection":[{"href":"https:\/\/www.fafich.ufmg.br\/socioambientais\/wp-json\/wp\/v2\/pages"}],"about":[{"href":"https:\/\/www.fafich.ufmg.br\/socioambientais\/wp-json\/wp\/v2\/types\/page"}],"author":[{"embeddable":true,"href":"https:\/\/www.fafich.ufmg.br\/socioambientais\/wp-json\/wp\/v2\/users\/1"}],"replies":[{"embeddable":true,"href":"https:\/\/www.fafich.ufmg.br\/socioambientais\/wp-json\/wp\/v2\/comments?post=792"}],"version-history":[{"count":8,"href":"https:\/\/www.fafich.ufmg.br\/socioambientais\/wp-json\/wp\/v2\/pages\/792\/revisions"}],"predecessor-version":[{"id":1031,"href":"https:\/\/www.fafich.ufmg.br\/socioambientais\/wp-json\/wp\/v2\/pages\/792\/revisions\/1031"}],"wp:attachment":[{"href":"https:\/\/www.fafich.ufmg.br\/socioambientais\/wp-json\/wp\/v2\/media?parent=792"}],"curies":[{"name":"wp","href":"https:\/\/api.w.org\/{rel}","templated":true}]}}