{"id":86,"date":"2017-04-18T09:25:12","date_gmt":"2017-04-18T12:25:12","guid":{"rendered":"http:\/\/www.fafich.ufmg.br\/socioambientais\/?page_id=86"},"modified":"2024-02-28T10:46:39","modified_gmt":"2024-02-28T13:46:39","slug":"secretariadocolegiado","status":"publish","type":"page","link":"https:\/\/www.fafich.ufmg.br\/socioambientais\/secretariadocolegiado\/","title":{"rendered":"Secretaria do Colegiado"},"content":{"rendered":"\n<div class=\"wp-block-media-text alignwide has-media-on-the-right is-stacked-on-mobile\"><figure class=\"wp-block-media-text__media\"><img loading=\"lazy\" width=\"768\" height=\"1024\" src=\"http:\/\/www.fafich.ufmg.br\/socioambientais\/wp-content\/uploads\/2024\/02\/secretaria_colegiado-768x1024.jpeg\" alt=\"\" class=\"wp-image-1006\" srcset=\"https:\/\/www.fafich.ufmg.br\/socioambientais\/wp-content\/uploads\/2024\/02\/secretaria_colegiado-768x1024.jpeg 768w, https:\/\/www.fafich.ufmg.br\/socioambientais\/wp-content\/uploads\/2024\/02\/secretaria_colegiado-225x300.jpeg 225w, https:\/\/www.fafich.ufmg.br\/socioambientais\/wp-content\/uploads\/2024\/02\/secretaria_colegiado.jpeg 960w\" sizes=\"(max-width: 767px) 89vw, (max-width: 1000px) 54vw, (max-width: 1071px) 543px, 580px\" \/><\/figure><div class=\"wp-block-media-text__content\">\n<p><strong>Fafich-UFMG<\/strong><br>Avenida Ant\u00f4nio Carlos. 6627 &#8211; FAFICH &#8211; Sala 1033<br>Campus Pampulha -Belo Horizonte &#8211; MG<br>CEP: 31270-901<\/p>\n\n\n\n<p><strong>Secret\u00e1ria:<\/strong> Marina Paula Pereira Neves<\/p>\n\n\n\n<p><strong>Telefone:<\/strong> (31) 3409-3801<br><strong>E-mail:<\/strong> <a href=\"mailto:csocioambientais@fafich.ufmg.br\">csocioambientais@fafich.ufmg.br<\/a><\/p>\n\n\n\n<p><strong>Hor\u00e1rio de atendimento externo da coordena\u00e7\u00e3o em per\u00edodo letivo :<\/strong><br>Quintas 18:00 \u00e0s 20 :00<\/p>\n<\/div><\/div>\n\n\n\n<div class=\"wp-block-group\"><div class=\"wp-block-group__inner-container\">\n<div class=\"wp-block-group\"><div class=\"wp-block-group__inner-container\">\n<figure class=\"wp-block-gallery aligncenter columns-5 is-cropped\"><ul class=\"blocks-gallery-grid\"><li class=\"blocks-gallery-item\"><figure><img loading=\"lazy\" width=\"768\" height=\"1024\" src=\"http:\/\/www.fafich.ufmg.br\/socioambientais\/wp-content\/uploads\/2024\/02\/secretaria_colegiado_c5-768x1024.jpeg\" alt=\"\" data-id=\"1012\" data-full-url=\"http:\/\/www.fafich.ufmg.br\/socioambientais\/wp-content\/uploads\/2024\/02\/secretaria_colegiado_c5.jpeg\" data-link=\"http:\/\/www.fafich.ufmg.br\/socioambientais\/secretariadocolegiado\/secretaria_colegiado_c5\/\" class=\"wp-image-1012\" srcset=\"https:\/\/www.fafich.ufmg.br\/socioambientais\/wp-content\/uploads\/2024\/02\/secretaria_colegiado_c5-768x1024.jpeg 768w, https:\/\/www.fafich.ufmg.br\/socioambientais\/wp-content\/uploads\/2024\/02\/secretaria_colegiado_c5-225x300.jpeg 225w, https:\/\/www.fafich.ufmg.br\/socioambientais\/wp-content\/uploads\/2024\/02\/secretaria_colegiado_c5.jpeg 960w\" sizes=\"(max-width: 767px) 89vw, (max-width: 1000px) 54vw, (max-width: 1071px) 543px, 580px\" \/><\/figure><\/li><li class=\"blocks-gallery-item\"><figure><img loading=\"lazy\" width=\"768\" height=\"1024\" src=\"http:\/\/www.fafich.ufmg.br\/socioambientais\/wp-content\/uploads\/2024\/02\/secretaria_colegiado_c2-768x1024.jpeg\" alt=\"\" data-id=\"1009\" data-full-url=\"http:\/\/www.fafich.ufmg.br\/socioambientais\/wp-content\/uploads\/2024\/02\/secretaria_colegiado_c2.jpeg\" data-link=\"http:\/\/www.fafich.ufmg.br\/socioambientais\/secretariadocolegiado\/secretaria_colegiado_c2\/\" class=\"wp-image-1009\" srcset=\"https:\/\/www.fafich.ufmg.br\/socioambientais\/wp-content\/uploads\/2024\/02\/secretaria_colegiado_c2-768x1024.jpeg 768w, https:\/\/www.fafich.ufmg.br\/socioambientais\/wp-content\/uploads\/2024\/02\/secretaria_colegiado_c2-225x300.jpeg 225w, https:\/\/www.fafich.ufmg.br\/socioambientais\/wp-content\/uploads\/2024\/02\/secretaria_colegiado_c2.jpeg 960w\" sizes=\"(max-width: 767px) 89vw, (max-width: 1000px) 54vw, (max-width: 1071px) 543px, 580px\" \/><\/figure><\/li><li class=\"blocks-gallery-item\"><figure><img loading=\"lazy\" width=\"768\" height=\"1024\" src=\"http:\/\/www.fafich.ufmg.br\/socioambientais\/wp-content\/uploads\/2024\/02\/secretaria_colegiado_c3-768x1024.jpeg\" alt=\"\" data-id=\"1010\" data-full-url=\"http:\/\/www.fafich.ufmg.br\/socioambientais\/wp-content\/uploads\/2024\/02\/secretaria_colegiado_c3.jpeg\" data-link=\"http:\/\/www.fafich.ufmg.br\/socioambientais\/secretariadocolegiado\/secretaria_colegiado_c3\/\" class=\"wp-image-1010\" srcset=\"https:\/\/www.fafich.ufmg.br\/socioambientais\/wp-content\/uploads\/2024\/02\/secretaria_colegiado_c3-768x1024.jpeg 768w, https:\/\/www.fafich.ufmg.br\/socioambientais\/wp-content\/uploads\/2024\/02\/secretaria_colegiado_c3-225x300.jpeg 225w, https:\/\/www.fafich.ufmg.br\/socioambientais\/wp-content\/uploads\/2024\/02\/secretaria_colegiado_c3.jpeg 960w\" sizes=\"(max-width: 767px) 89vw, (max-width: 1000px) 54vw, (max-width: 1071px) 543px, 580px\" \/><\/figure><\/li><li class=\"blocks-gallery-item\"><figure><img loading=\"lazy\" width=\"1024\" height=\"768\" src=\"http:\/\/www.fafich.ufmg.br\/socioambientais\/wp-content\/uploads\/2024\/02\/secretaria_colegiado_c1-1024x768.jpeg\" alt=\"\" data-id=\"1008\" data-full-url=\"http:\/\/www.fafich.ufmg.br\/socioambientais\/wp-content\/uploads\/2024\/02\/secretaria_colegiado_c1.jpeg\" data-link=\"http:\/\/www.fafich.ufmg.br\/socioambientais\/secretariadocolegiado\/secretaria_colegiado_c1\/\" class=\"wp-image-1008\" srcset=\"https:\/\/www.fafich.ufmg.br\/socioambientais\/wp-content\/uploads\/2024\/02\/secretaria_colegiado_c1-1024x768.jpeg 1024w, https:\/\/www.fafich.ufmg.br\/socioambientais\/wp-content\/uploads\/2024\/02\/secretaria_colegiado_c1-300x225.jpeg 300w, https:\/\/www.fafich.ufmg.br\/socioambientais\/wp-content\/uploads\/2024\/02\/secretaria_colegiado_c1-768x576.jpeg 768w, https:\/\/www.fafich.ufmg.br\/socioambientais\/wp-content\/uploads\/2024\/02\/secretaria_colegiado_c1.jpeg 1280w\" sizes=\"(max-width: 767px) 89vw, (max-width: 1000px) 54vw, (max-width: 1071px) 543px, 580px\" \/><\/figure><\/li><li class=\"blocks-gallery-item\"><figure><img loading=\"lazy\" width=\"768\" height=\"1024\" src=\"http:\/\/www.fafich.ufmg.br\/socioambientais\/wp-content\/uploads\/2024\/02\/secretaria_colegiado_c4-768x1024.jpeg\" alt=\"\" data-id=\"1011\" data-full-url=\"http:\/\/www.fafich.ufmg.br\/socioambientais\/wp-content\/uploads\/2024\/02\/secretaria_colegiado_c4.jpeg\" data-link=\"http:\/\/www.fafich.ufmg.br\/socioambientais\/secretariadocolegiado\/secretaria_colegiado_c4\/\" class=\"wp-image-1011\" srcset=\"https:\/\/www.fafich.ufmg.br\/socioambientais\/wp-content\/uploads\/2024\/02\/secretaria_colegiado_c4-768x1024.jpeg 768w, https:\/\/www.fafich.ufmg.br\/socioambientais\/wp-content\/uploads\/2024\/02\/secretaria_colegiado_c4-225x300.jpeg 225w, https:\/\/www.fafich.ufmg.br\/socioambientais\/wp-content\/uploads\/2024\/02\/secretaria_colegiado_c4.jpeg 960w\" sizes=\"(max-width: 767px) 89vw, (max-width: 1000px) 54vw, (max-width: 1071px) 543px, 580px\" \/><\/figure><\/li><\/ul><\/figure>\n<\/div><\/div>\n<\/div><\/div>\n","protected":false},"excerpt":{"rendered":"<p>Fafich-UFMGAvenida Ant\u00f4nio Carlos. 6627 &#8211; FAFICH &#8211; Sala 1033Campus Pampulha -Belo Horizonte &#8211; MGCEP: 31270-901 Secret\u00e1ria: Marina Paula Pereira Neves Telefone: (31) 3409-3801E-mail: csocioambientais@fafich.ufmg.br Hor\u00e1rio de atendimento externo da coordena\u00e7\u00e3o em per\u00edodo letivo :Quintas 18:00 \u00e0s 20 :00<\/p>\n","protected":false},"author":1,"featured_media":0,"parent":0,"menu_order":0,"comment_status":"closed","ping_status":"closed","template":"","meta":[],"_links":{"self":[{"href":"https:\/\/www.fafich.ufmg.br\/socioambientais\/wp-json\/wp\/v2\/pages\/86"}],"collection":[{"href":"https:\/\/www.fafich.ufmg.br\/socioambientais\/wp-json\/wp\/v2\/pages"}],"about":[{"href":"https:\/\/www.fafich.ufmg.br\/socioambientais\/wp-json\/wp\/v2\/types\/page"}],"author":[{"embeddable":true,"href":"https:\/\/www.fafich.ufmg.br\/socioambientais\/wp-json\/wp\/v2\/users\/1"}],"replies":[{"embeddable":true,"href":"https:\/\/www.fafich.ufmg.br\/socioambientais\/wp-json\/wp\/v2\/comments?post=86"}],"version-history":[{"count":15,"href":"https:\/\/www.fafich.ufmg.br\/socioambientais\/wp-json\/wp\/v2\/pages\/86\/revisions"}],"predecessor-version":[{"id":1013,"href":"https:\/\/www.fafich.ufmg.br\/socioambientais\/wp-json\/wp\/v2\/pages\/86\/revisions\/1013"}],"wp:attachment":[{"href":"https:\/\/www.fafich.ufmg.br\/socioambientais\/wp-json\/wp\/v2\/media?parent=86"}],"curies":[{"name":"wp","href":"https:\/\/api.w.org\/{rel}","templated":true}]}}