{"id":89,"date":"2017-04-18T09:25:29","date_gmt":"2017-04-18T12:25:29","guid":{"rendered":"http:\/\/www.fafich.ufmg.br\/socioambientais\/?page_id=89"},"modified":"2024-09-25T10:28:32","modified_gmt":"2024-09-25T13:28:32","slug":"resolucoes","status":"publish","type":"page","link":"https:\/\/www.fafich.ufmg.br\/socioambientais\/resolucoes\/","title":{"rendered":"Resolu\u00e7\u00f5es"},"content":{"rendered":"\n<p><span style=\"color:#169f68\" class=\"has-inline-color\"><a rel=\"noreferrer noopener\" href=\"http:\/\/www.fafich.ufmg.br\/socioambientais\/wp-content\/uploads\/2024\/09\/RESOLUCAO-No-001_2017.pdf\" target=\"_blank\">RESOLU\u00c7\u00c3O N\u00b0 001\/2017<\/a><\/span>, de 03 de fevereiro de 2017.<br>Disp\u00f5e sobre os crit\u00e9rios para elabora\u00e7\u00e3o de Trabalho de Conclus\u00e3o de Cursos &#8211; TCC do Curso de Gradua\u00e7\u00e3o em Ci\u00eancias Socioambientais da UFMG<\/p>\n\n\n\n<p><a href=\"http:\/\/www.fafich.ufmg.br\/socioambientais\/wp-content\/uploads\/2024\/09\/RESOLUCAO-No-002_2012.pdf\" target=\"_blank\" rel=\"noreferrer noopener\">RESOLU\u00c7\u00c3O N\u00b0 02\/2012<\/a>, de 27 de novembro de 2012<br>Disp\u00f5e sobre os crit\u00e9rios para o aproveitamento de cr\u00e9ditos de Atividades Acad\u00eamicas visando a flexibiliza\u00e7\u00e3o do curr\u00edculo do Curso de Gradua\u00e7\u00e3o em Ci\u00eancias Socioambientais da UFMG<\/p>\n\n\n\n<p><a href=\"http:\/\/www.fafich.ufmg.br\/socioambientais\/wp-content\/uploads\/2024\/09\/RESOLUCAO-No-001_2011.pdf\" target=\"_blank\" rel=\"noreferrer noopener\">RESOLU\u00c7\u00c3O N\u00b0 001\/2011<\/a>, de 16 de junho de 2011<br>Disp\u00f5e sobre os crit\u00e9rios para a realiza\u00e7\u00e3o do Est\u00e1gio Curricular no Curso de Gradua\u00e7\u00e3o em Ci\u00eancias Socioambientais da UFMG<\/p>\n\n\n\n<p><\/p>\n","protected":false},"excerpt":{"rendered":"<p>RESOLU\u00c7\u00c3O N\u00b0 001\/2017, de 03 de fevereiro de 2017.Disp\u00f5e sobre os crit\u00e9rios para elabora\u00e7\u00e3o de Trabalho de Conclus\u00e3o de Cursos &#8211; TCC do Curso de Gradua\u00e7\u00e3o em Ci\u00eancias Socioambientais da UFMG RESOLU\u00c7\u00c3O N\u00b0 02\/2012, de 27 de novembro de 2012Disp\u00f5e sobre os crit\u00e9rios para o aproveitamento de cr\u00e9ditos de Atividades Acad\u00eamicas visando a flexibiliza\u00e7\u00e3o do &hellip; <\/p>\n<p class=\"link-more\"><a href=\"https:\/\/www.fafich.ufmg.br\/socioambientais\/resolucoes\/\" class=\"more-link\">Continue lendo<span class=\"screen-reader-text\"> &#8220;Resolu\u00e7\u00f5es&#8221;<\/span><\/a><\/p>\n","protected":false},"author":1,"featured_media":0,"parent":0,"menu_order":0,"comment_status":"closed","ping_status":"closed","template":"","meta":[],"_links":{"self":[{"href":"https:\/\/www.fafich.ufmg.br\/socioambientais\/wp-json\/wp\/v2\/pages\/89"}],"collection":[{"href":"https:\/\/www.fafich.ufmg.br\/socioambientais\/wp-json\/wp\/v2\/pages"}],"about":[{"href":"https:\/\/www.fafich.ufmg.br\/socioambientais\/wp-json\/wp\/v2\/types\/page"}],"author":[{"embeddable":true,"href":"https:\/\/www.fafich.ufmg.br\/socioambientais\/wp-json\/wp\/v2\/users\/1"}],"replies":[{"embeddable":true,"href":"https:\/\/www.fafich.ufmg.br\/socioambientais\/wp-json\/wp\/v2\/comments?post=89"}],"version-history":[{"count":6,"href":"https:\/\/www.fafich.ufmg.br\/socioambientais\/wp-json\/wp\/v2\/pages\/89\/revisions"}],"predecessor-version":[{"id":1179,"href":"https:\/\/www.fafich.ufmg.br\/socioambientais\/wp-json\/wp\/v2\/pages\/89\/revisions\/1179"}],"wp:attachment":[{"href":"https:\/\/www.fafich.ufmg.br\/socioambientais\/wp-json\/wp\/v2\/media?parent=89"}],"curies":[{"name":"wp","href":"https:\/\/api.w.org\/{rel}","templated":true}]}}