{"id":899,"date":"2024-02-26T10:13:50","date_gmt":"2024-02-26T13:13:50","guid":{"rendered":"http:\/\/www.fafich.ufmg.br\/socioambientais\/?page_id=899"},"modified":"2024-02-26T10:13:50","modified_gmt":"2024-02-26T13:13:50","slug":"pesquisa-extensao","status":"publish","type":"page","link":"https:\/\/www.fafich.ufmg.br\/socioambientais\/pesquisa-extensao\/","title":{"rendered":"Pesquisa &#038; Extens\u00e3o"},"content":{"rendered":"\n<p><\/p>\n\n\n\n<div class=\"wp-block-media-text alignwide is-stacked-on-mobile\"><figure class=\"wp-block-media-text__media\"><img loading=\"lazy\" width=\"960\" height=\"600\" src=\"http:\/\/www.fafich.ufmg.br\/socioambientais\/wp-content\/uploads\/2024\/02\/Imagem_aue-960x600-1.png\" alt=\"\" class=\"wp-image-900\" srcset=\"https:\/\/www.fafich.ufmg.br\/socioambientais\/wp-content\/uploads\/2024\/02\/Imagem_aue-960x600-1.png 960w, https:\/\/www.fafich.ufmg.br\/socioambientais\/wp-content\/uploads\/2024\/02\/Imagem_aue-960x600-1-300x188.png 300w, https:\/\/www.fafich.ufmg.br\/socioambientais\/wp-content\/uploads\/2024\/02\/Imagem_aue-960x600-1-768x480.png 768w\" sizes=\"(max-width: 767px) 89vw, (max-width: 1000px) 54vw, (max-width: 1071px) 543px, 580px\" \/><\/figure><div class=\"wp-block-media-text__content\">\n<p><strong>AU\u00ca!<\/strong><br><br><strong>Email:&nbsp;<\/strong><a href=\"mailto:aue.ufmg@gmail.com\"><span class=\"has-inline-color has-vivid-cyan-blue-color\">aue.ufmg@gmail.com<\/span><\/a><\/p>\n\n\n\n<p><strong>Site:<\/strong><a href=\"http:\/\/www.aueufmg.wordpress.com\/\"> <span class=\"has-inline-color has-vivid-cyan-blue-color\">www.aueufmg.wordpress.com<\/span><\/a><\/p>\n\n\n\n<p><strong>Instagram<\/strong>: <a href=\"https:\/\/www.instagram.com\/aue.ufmg\/\"><span class=\"has-inline-color has-vivid-cyan-blue-color\">@aue.ufmg<\/span><\/a><\/p>\n<\/div><\/div>\n\n\n\n<hr class=\"wp-block-separator\"\/>\n\n\n\n<div class=\"wp-block-media-text alignwide is-stacked-on-mobile\"><figure class=\"wp-block-media-text__media\"><img loading=\"lazy\" width=\"869\" height=\"869\" src=\"http:\/\/www.fafich.ufmg.br\/socioambientais\/wp-content\/uploads\/2024\/02\/logo_Ceurb.png\" alt=\"\" class=\"wp-image-954\" srcset=\"https:\/\/www.fafich.ufmg.br\/socioambientais\/wp-content\/uploads\/2024\/02\/logo_Ceurb.png 869w, https:\/\/www.fafich.ufmg.br\/socioambientais\/wp-content\/uploads\/2024\/02\/logo_Ceurb-300x300.png 300w, https:\/\/www.fafich.ufmg.br\/socioambientais\/wp-content\/uploads\/2024\/02\/logo_Ceurb-150x150.png 150w, https:\/\/www.fafich.ufmg.br\/socioambientais\/wp-content\/uploads\/2024\/02\/logo_Ceurb-768x768.png 768w, https:\/\/www.fafich.ufmg.br\/socioambientais\/wp-content\/uploads\/2024\/02\/logo_Ceurb-100x100.png 100w\" sizes=\"(max-width: 767px) 89vw, (max-width: 1000px) 54vw, (max-width: 1071px) 543px, 580px\" \/><\/figure><div class=\"wp-block-media-text__content\">\n<p><strong>CEURB<\/strong><br><br><strong>Email:&nbsp;<\/strong><a href=\"mailto:fafich.ceurb@gmail.com\"><span class=\"has-inline-color has-vivid-cyan-blue-color\">fafich.ceurb@gmail.com<\/span><\/a><\/p>\n\n\n\n<p><strong>Site:<\/strong> <\/p>\n\n\n\n<p><strong>Instagram<\/strong>: <a href=\"https:\/\/www.instagram.com\/fafich.ceurb\/\"><span class=\"has-inline-color has-vivid-cyan-blue-color\">@fafich.ceurb<\/span><\/a><\/p>\n<\/div><\/div>\n\n\n\n<hr class=\"wp-block-separator\"\/>\n\n\n\n<div class=\"wp-block-media-text alignwide is-stacked-on-mobile\"><figure class=\"wp-block-media-text__media\"><img loading=\"lazy\" width=\"268\" height=\"188\" src=\"http:\/\/www.fafich.ufmg.br\/socioambientais\/wp-content\/uploads\/2024\/02\/images.jpeg\" alt=\"\" class=\"wp-image-906\"\/><\/figure><div class=\"wp-block-media-text__content\">\n<p><strong>Esta\u00e7\u00e3o ecol\u00f3gica UFMG<\/strong><br><br><strong>Email:&nbsp;<\/strong><a href=\"mailto:eeco.pampulha@gmail.com\"><span class=\"has-inline-color has-vivid-cyan-blue-color\">eeco.pampulha@gmail.com<\/span><\/a><\/p>\n\n\n\n<p><strong>Site:<\/strong><a href=\"http:\/\/www.aueufmg.wordpress.com\/\"> <\/a><a href=\"https:\/\/www.ufmg.br\/estacaoecologica\/ \"><span class=\"has-inline-color has-vivid-cyan-blue-color\">https:\/\/www.ufmg.br\/estacaoecologica\/ <\/span><\/a><\/p>\n\n\n\n<p><strong>Instagram<\/strong>:  <a href=\"https:\/\/www.instagram.com\/estacao_ecologica\/\"><span class=\"has-inline-color has-vivid-cyan-blue-color\">@estacao_ecologica<\/span><\/a><\/p>\n<\/div><\/div>\n\n\n\n<hr class=\"wp-block-separator\"\/>\n\n\n\n<div class=\"wp-block-media-text alignwide is-stacked-on-mobile\"><figure class=\"wp-block-media-text__media\"><img loading=\"lazy\" width=\"440\" height=\"160\" src=\"http:\/\/www.fafich.ufmg.br\/socioambientais\/wp-content\/uploads\/2024\/02\/logo440.png\" alt=\"\" class=\"wp-image-907\" srcset=\"https:\/\/www.fafich.ufmg.br\/socioambientais\/wp-content\/uploads\/2024\/02\/logo440.png 440w, https:\/\/www.fafich.ufmg.br\/socioambientais\/wp-content\/uploads\/2024\/02\/logo440-300x109.png 300w\" sizes=\"(max-width: 440px) 100vw, 440px\" \/><\/figure><div class=\"wp-block-media-text__content\">\n<p><strong>Espa\u00e7o do Conhecimento<\/strong><br><br><strong>Email:&nbsp;<\/strong><\/p>\n\n\n\n<p><strong>Site:<\/strong><a href=\" https:\/\/www.ufmg.br\/espacodoconhecimento\/\"><span class=\"has-inline-color has-vivid-cyan-blue-color\"> https:\/\/www.ufmg.br\/espacodoconhecimento\/<\/span><\/a><\/p>\n\n\n\n<p><strong>Instagram<\/strong>: <a href=\"https:\/\/www.instagram.com\/espacoufmg\/\"><span class=\"has-inline-color has-vivid-cyan-blue-color\">@espacoufmg<\/span><\/a><\/p>\n<\/div><\/div>\n\n\n\n<hr class=\"wp-block-separator\"\/>\n\n\n\n<div class=\"wp-block-media-text alignwide is-stacked-on-mobile\"><figure class=\"wp-block-media-text__media\"><img loading=\"lazy\" width=\"150\" height=\"150\" src=\"http:\/\/www.fafich.ufmg.br\/socioambientais\/wp-content\/uploads\/2024\/02\/Logo-GESTA-150x150-1.jpg\" alt=\"\" class=\"wp-image-909\" srcset=\"https:\/\/www.fafich.ufmg.br\/socioambientais\/wp-content\/uploads\/2024\/02\/Logo-GESTA-150x150-1.jpg 150w, https:\/\/www.fafich.ufmg.br\/socioambientais\/wp-content\/uploads\/2024\/02\/Logo-GESTA-150x150-1-100x100.jpg 100w\" sizes=\"(max-width: 150px) 100vw, 150px\" \/><\/figure><div class=\"wp-block-media-text__content\">\n<p><strong>GESTA<\/strong><br><br><strong>Email:&nbsp;<\/strong><a href=\"mailto:aue.ufmg@gmail.com\"><span class=\"has-inline-color has-vivid-cyan-blue-color\">gesta@fafich.ufmg.br<\/span><\/a><\/p>\n\n\n\n<p><strong>Site:<\/strong><a href=\"http:\/\/www.aueufmg.wordpress.com\/\"> <\/a><a href=\"http:\/\/gestaprod.lcc.ufmg.br\/\"><span class=\"has-inline-color has-vivid-cyan-blue-color\">http:\/\/gestaprod.lcc.ufmg.br\/<\/span><\/a><\/p>\n\n\n\n<p><strong>Instagram<\/strong>: <a href=\"https:\/\/www.instagram.com\/gesta_ufmg\/\"><span class=\"has-inline-color has-vivid-cyan-blue-color\">@gesta_ufmg<\/span><\/a><\/p>\n<\/div><\/div>\n\n\n\n<hr class=\"wp-block-separator\"\/>\n\n\n\n<div class=\"wp-block-media-text alignwide is-stacked-on-mobile\"><figure class=\"wp-block-media-text__media\"><img loading=\"lazy\" width=\"149\" height=\"211\" src=\"http:\/\/www.fafich.ufmg.br\/socioambientais\/wp-content\/uploads\/2024\/02\/IMAGEM-MANUELZAO.png\" alt=\"\" class=\"wp-image-903\"\/><\/figure><div class=\"wp-block-media-text__content\">\n<p><strong>Manuelz\u00e3o<\/strong><br><br><strong>Email:<\/strong> <a href=\"mailto:manuelzao@manuelzao.ufmg.br\"><span class=\"has-inline-color has-vivid-cyan-blue-color\">manuelzao@manuelzao.ufmg.br<\/span><\/a><\/p>\n\n\n\n<p><strong>Site:<\/strong> <a href=\"https:\/\/manuelzao.ufmg.br\/\"><span class=\"has-inline-color has-vivid-cyan-blue-color\">https:\/\/manuelzao.ufmg.br\/<\/span><\/a><\/p>\n\n\n\n<p><strong>Instagram<\/strong>: <a href=\"https:\/\/www.instagram.com\/projetomanuelzao\/\"><span class=\"has-inline-color has-vivid-cyan-blue-color\">@projetomanuelzao\/<\/span><\/a><\/p>\n<\/div><\/div>\n\n\n\n<hr class=\"wp-block-separator\"\/>\n\n\n\n<div class=\"wp-block-media-text alignwide is-stacked-on-mobile\"><figure class=\"wp-block-media-text__media\"><img loading=\"lazy\" width=\"281\" height=\"94\" src=\"http:\/\/www.fafich.ufmg.br\/socioambientais\/wp-content\/uploads\/2024\/02\/2-logomuseu-281x94px.png\" alt=\"\" class=\"wp-image-905\"\/><\/figure><div class=\"wp-block-media-text__content\">\n<p><strong>Museu de Hist\u00f3ria Natural e Jardim Bot\u00e2nico da UFMG<\/strong><br><br><strong>Email:&nbsp;<\/strong><\/p>\n\n\n\n<p><strong>Site:<\/strong><a href=\"http:\/\/www.aueufmg.wordpress.com\/\"> <\/a><a href=\"https:\/\/www.ufmg.br\/mhnjb\/\"><span class=\"has-inline-color has-vivid-cyan-blue-color\">https:\/\/www.ufmg.br\/mhnjb\/<\/span><\/a><\/p>\n\n\n\n<p><strong>Instagram<\/strong>: <a href=\"https:\/\/www.instagram.com\/mhnjb_oficial\/\"><span class=\"has-inline-color has-vivid-cyan-blue-color\">mhnjb_oficial<\/span><\/a><\/p>\n<\/div><\/div>\n\n\n\n<hr class=\"wp-block-separator\"\/>\n\n\n\n<div class=\"wp-block-media-text alignwide is-stacked-on-mobile\"><figure class=\"wp-block-media-text__media\"><img loading=\"lazy\" width=\"577\" height=\"433\" src=\"http:\/\/www.fafich.ufmg.br\/socioambientais\/wp-content\/uploads\/2024\/02\/projeto_pequi-removebg-preview.png\" alt=\"\" class=\"wp-image-919\" srcset=\"https:\/\/www.fafich.ufmg.br\/socioambientais\/wp-content\/uploads\/2024\/02\/projeto_pequi-removebg-preview.png 577w, https:\/\/www.fafich.ufmg.br\/socioambientais\/wp-content\/uploads\/2024\/02\/projeto_pequi-removebg-preview-300x225.png 300w\" sizes=\"(max-width: 577px) 100vw, 577px\" \/><\/figure><div class=\"wp-block-media-text__content\">\n<p>Projeto Pequi<br><br><strong>Email:&nbsp;<\/strong><\/p>\n\n\n\n<p><strong>Site:<\/strong><a href=\"http:\/\/www.aueufmg.wordpress.com\/\"> <\/a><\/p>\n\n\n\n<p><strong>Instagram<\/strong>: <\/p>\n<\/div><\/div>\n\n\n\n<hr class=\"wp-block-separator\"\/>\n\n\n\n<div class=\"wp-block-media-text alignwide is-stacked-on-mobile\"><figure class=\"wp-block-media-text__media\"><img loading=\"lazy\" width=\"284\" height=\"90\" src=\"http:\/\/www.fafich.ufmg.br\/socioambientais\/wp-content\/uploads\/2024\/02\/logo_b_2x.png\" alt=\"\" class=\"wp-image-908\"\/><\/figure><div class=\"wp-block-media-text__content\">\n<p>SanBas<br><br><strong>Email:&nbsp;<\/strong><\/p>\n\n\n\n<p><strong>Site:<\/strong> <a href=\"https:\/\/sanbas.eng.ufmg.br\/\"><span class=\"has-inline-color has-vivid-cyan-blue-color\">https:\/\/sanbas.eng.ufmg.br\/<\/span><\/a><\/p>\n\n\n\n<p><strong>Instagram<\/strong>: <\/p>\n<\/div><\/div>\n\n\n\n<hr class=\"wp-block-separator\"\/>\n","protected":false},"excerpt":{"rendered":"<p>AU\u00ca! Email:&nbsp;aue.ufmg@gmail.com Site: www.aueufmg.wordpress.com Instagram: @aue.ufmg CEURB Email:&nbsp;fafich.ceurb@gmail.com Site: Instagram: @fafich.ceurb Esta\u00e7\u00e3o ecol\u00f3gica UFMG Email:&nbsp;eeco.pampulha@gmail.com Site: https:\/\/www.ufmg.br\/estacaoecologica\/ Instagram: @estacao_ecologica Espa\u00e7o do Conhecimento Email:&nbsp; Site: https:\/\/www.ufmg.br\/espacodoconhecimento\/ Instagram: @espacoufmg GESTA Email:&nbsp;gesta@fafich.ufmg.br Site: http:\/\/gestaprod.lcc.ufmg.br\/ Instagram: @gesta_ufmg Manuelz\u00e3o Email: manuelzao@manuelzao.ufmg.br Site: https:\/\/manuelzao.ufmg.br\/ Instagram: @projetomanuelzao\/ Museu de Hist\u00f3ria Natural e Jardim Bot\u00e2nico da UFMG Email:&nbsp; Site: https:\/\/www.ufmg.br\/mhnjb\/ Instagram: mhnjb_oficial Projeto &hellip; <\/p>\n<p class=\"link-more\"><a href=\"https:\/\/www.fafich.ufmg.br\/socioambientais\/pesquisa-extensao\/\" class=\"more-link\">Continue lendo<span class=\"screen-reader-text\"> &#8220;Pesquisa &#038; Extens\u00e3o&#8221;<\/span><\/a><\/p>\n","protected":false},"author":1,"featured_media":0,"parent":0,"menu_order":0,"comment_status":"closed","ping_status":"closed","template":"","meta":[],"_links":{"self":[{"href":"https:\/\/www.fafich.ufmg.br\/socioambientais\/wp-json\/wp\/v2\/pages\/899"}],"collection":[{"href":"https:\/\/www.fafich.ufmg.br\/socioambientais\/wp-json\/wp\/v2\/pages"}],"about":[{"href":"https:\/\/www.fafich.ufmg.br\/socioambientais\/wp-json\/wp\/v2\/types\/page"}],"author":[{"embeddable":true,"href":"https:\/\/www.fafich.ufmg.br\/socioambientais\/wp-json\/wp\/v2\/users\/1"}],"replies":[{"embeddable":true,"href":"https:\/\/www.fafich.ufmg.br\/socioambientais\/wp-json\/wp\/v2\/comments?post=899"}],"version-history":[{"count":18,"href":"https:\/\/www.fafich.ufmg.br\/socioambientais\/wp-json\/wp\/v2\/pages\/899\/revisions"}],"predecessor-version":[{"id":981,"href":"https:\/\/www.fafich.ufmg.br\/socioambientais\/wp-json\/wp\/v2\/pages\/899\/revisions\/981"}],"wp:attachment":[{"href":"https:\/\/www.fafich.ufmg.br\/socioambientais\/wp-json\/wp\/v2\/media?parent=899"}],"curies":[{"name":"wp","href":"https:\/\/api.w.org\/{rel}","templated":true}]}}