{"id":915,"date":"2024-02-23T14:34:17","date_gmt":"2024-02-23T17:34:17","guid":{"rendered":"http:\/\/www.fafich.ufmg.br\/socioambientais\/?page_id=915"},"modified":"2024-09-25T10:29:27","modified_gmt":"2024-09-25T13:29:27","slug":"formularios-relativos-ao-tcc","status":"publish","type":"page","link":"https:\/\/www.fafich.ufmg.br\/socioambientais\/formularios-relativos-ao-tcc\/","title":{"rendered":"Formul\u00e1rios relativos ao TCC"},"content":{"rendered":"\n<p>Em caso de duvidas sobro o TCC verificar o titulo 5 no <a href=\"http:\/\/www.fafich.ufmg.br\/socioambientais\/wp-content\/uploads\/2024\/06\/REGULAMENTO-_CSA_2023_revisao.pdf\">regulamento do curso <\/a><br>e a <a href=\"http:\/\/www.fafich.ufmg.br\/socioambientais\/wp-content\/uploads\/2024\/09\/RESOLUCAO-No-001_2017.pdf\" target=\"_blank\" rel=\"noreferrer noopener\">resolu\u00e7\u00e3o 01\/2017 do colegiado<\/a><\/p>\n\n\n\n<p><\/p>\n\n\n\n<p><a href=\"http:\/\/www.fafich.ufmg.br\/socioambientais\/wp-content\/uploads\/2023\/10\/Termo_orientacao.pdf\">Termo de orienta\u00e7\u00e3o<\/a><\/p>\n\n\n\n<p><a href=\"http:\/\/www.fafich.ufmg.br\/socioambientais\/wp-content\/uploads\/2023\/10\/Termo_coorientacao.pdf\">Termo de co-orienta\u00e7\u00e3o<\/a><\/p>\n\n\n\n<p><a href=\"http:\/\/www.fafich.ufmg.br\/socioambientais\/wp-content\/uploads\/2023\/10\/Requerimento_defesa_TCC-1.pdf\">Requerimento de defesa de TCC<\/a><\/p>\n\n\n\n<p><a href=\"http:\/\/www.fafich.ufmg.br\/socioambientais\/wp-content\/uploads\/2023\/10\/Declaracao_originalidade.pdf\">Declara\u00e7\u00e3o de originalidade<\/a><\/p>\n\n\n\n<p><a rel=\"noreferrer noopener\" href=\"http:\/\/www.fafich.ufmg.br\/socioambientais\/wp-content\/uploads\/2024\/02\/diretrizes-para-normalizacao-de-trabalhos-academicos-da-UFMG-2.pdf\" target=\"_blank\">Diretrizes para normaliza\u00e7\u00e3o de trabalhos acad\u00eamicos da UFMG<\/a><\/p>\n\n\n\n<p><\/p>\n","protected":false},"excerpt":{"rendered":"<p>Em caso de duvidas sobro o TCC verificar o titulo 5 no regulamento do curso e a resolu\u00e7\u00e3o 01\/2017 do colegiado Termo de orienta\u00e7\u00e3o Termo de co-orienta\u00e7\u00e3o Requerimento de defesa de TCC Declara\u00e7\u00e3o de originalidade Diretrizes para normaliza\u00e7\u00e3o de trabalhos acad\u00eamicos da UFMG<\/p>\n","protected":false},"author":1,"featured_media":0,"parent":0,"menu_order":0,"comment_status":"closed","ping_status":"closed","template":"","meta":[],"_links":{"self":[{"href":"https:\/\/www.fafich.ufmg.br\/socioambientais\/wp-json\/wp\/v2\/pages\/915"}],"collection":[{"href":"https:\/\/www.fafich.ufmg.br\/socioambientais\/wp-json\/wp\/v2\/pages"}],"about":[{"href":"https:\/\/www.fafich.ufmg.br\/socioambientais\/wp-json\/wp\/v2\/types\/page"}],"author":[{"embeddable":true,"href":"https:\/\/www.fafich.ufmg.br\/socioambientais\/wp-json\/wp\/v2\/users\/1"}],"replies":[{"embeddable":true,"href":"https:\/\/www.fafich.ufmg.br\/socioambientais\/wp-json\/wp\/v2\/comments?post=915"}],"version-history":[{"count":7,"href":"https:\/\/www.fafich.ufmg.br\/socioambientais\/wp-json\/wp\/v2\/pages\/915\/revisions"}],"predecessor-version":[{"id":1180,"href":"https:\/\/www.fafich.ufmg.br\/socioambientais\/wp-json\/wp\/v2\/pages\/915\/revisions\/1180"}],"wp:attachment":[{"href":"https:\/\/www.fafich.ufmg.br\/socioambientais\/wp-json\/wp\/v2\/media?parent=915"}],"curies":[{"name":"wp","href":"https:\/\/api.w.org\/{rel}","templated":true}]}}